{"id":90,"date":"2025-08-28T13:49:33","date_gmt":"2025-08-28T13:49:33","guid":{"rendered":"https:\/\/spzoziwonicz.pl\/?page_id=90"},"modified":"2025-08-28T13:56:18","modified_gmt":"2025-08-28T13:56:18","slug":"deklaracja-wyboru-swiadczeniodawcy-udzielajacego-swiadczen-z-zakresu-podstawowej-opieki-zdrowotnej-oraz-lekarza-podstawowej-opieki-zdrowotnej","status":"publish","type":"page","link":"https:\/\/spzoziwonicz.pl\/index.php\/do-pobrania\/deklaracja-wyboru-swiadczeniodawcy-udzielajacego-swiadczen-z-zakresu-podstawowej-opieki-zdrowotnej-oraz-lekarza-podstawowej-opieki-zdrowotnej\/","title":{"rendered":"Deklaracja wyboru \u015bwiadczeniodawcy udzielaj\u0105cego \u015bwiadcze\u0144 z zakresu podstawowej opieki zdrowotnej\u00a0oraz lekarza podstawowej opieki zdrowotnej"},"content":{"rendered":"\n<div data-wp-interactive=\"core\/file\" class=\"wp-block-file\"><object data-wp-bind--hidden=\"!state.hasPdfPreview\" hidden class=\"wp-block-file__embed\" data=\"https:\/\/spzoziwonicz.pl\/wp-content\/uploads\/2025\/08\/Deklaracja-lekarz.pdf\" type=\"application\/pdf\" style=\"width:100%;height:600px\" aria-label=\"Osadzone z Deklaracja lekarz.\"><\/object><a id=\"wp-block-file--media-abdee459-ac1c-4604-a2ec-eed4aed6fed1\" href=\"https:\/\/spzoziwonicz.pl\/wp-content\/uploads\/2025\/08\/Deklaracja-lekarz.pdf\">Deklaracja lekarz<\/a><a href=\"https:\/\/spzoziwonicz.pl\/wp-content\/uploads\/2025\/08\/Deklaracja-lekarz.pdf\" class=\"wp-block-file__button wp-element-button\" download aria-describedby=\"wp-block-file--media-abdee459-ac1c-4604-a2ec-eed4aed6fed1\">Pobierz<\/a><\/div>\n\n\n\n<p><\/p>\n","protected":false},"excerpt":{"rendered":"","protected":false},"author":1,"featured_media":0,"parent":42,"menu_order":0,"comment_status":"closed","ping_status":"closed","template":"","meta":{"footnotes":""},"class_list":["post-90","page","type-page","status-publish","hentry"],"_links":{"self":[{"href":"https:\/\/spzoziwonicz.pl\/index.php\/wp-json\/wp\/v2\/pages\/90","targetHints":{"allow":["GET"]}}],"collection":[{"href":"https:\/\/spzoziwonicz.pl\/index.php\/wp-json\/wp\/v2\/pages"}],"about":[{"href":"https:\/\/spzoziwonicz.pl\/index.php\/wp-json\/wp\/v2\/types\/page"}],"author":[{"embeddable":true,"href":"https:\/\/spzoziwonicz.pl\/index.php\/wp-json\/wp\/v2\/users\/1"}],"replies":[{"embeddable":true,"href":"https:\/\/spzoziwonicz.pl\/index.php\/wp-json\/wp\/v2\/comments?post=90"}],"version-history":[{"count":1,"href":"https:\/\/spzoziwonicz.pl\/index.php\/wp-json\/wp\/v2\/pages\/90\/revisions"}],"predecessor-version":[{"id":92,"href":"https:\/\/spzoziwonicz.pl\/index.php\/wp-json\/wp\/v2\/pages\/90\/revisions\/92"}],"up":[{"embeddable":true,"href":"https:\/\/spzoziwonicz.pl\/index.php\/wp-json\/wp\/v2\/pages\/42"}],"wp:attachment":[{"href":"https:\/\/spzoziwonicz.pl\/index.php\/wp-json\/wp\/v2\/media?parent=90"}],"curies":[{"name":"wp","href":"https:\/\/api.w.org\/{rel}","templated":true}]}}