{"id":9,"date":"2025-08-28T12:30:27","date_gmt":"2025-08-28T12:30:27","guid":{"rendered":"https:\/\/spzoziwonicz.pl\/?page_id=9"},"modified":"2025-09-04T19:12:00","modified_gmt":"2025-09-04T19:12:00","slug":"strona-glowna","status":"publish","type":"page","link":"https:\/\/spzoziwonicz.pl\/","title":{"rendered":"STRONA G\u0141\u00d3WNA"},"content":{"rendered":"\n<p>Witamy na stronie <em><strong>Samodzielny Publiczny Zak\u0142ad Opieki Zdrowotnej Gminna Przychodnia Lekarska w Iwoniczu-Zdroju<\/strong><\/em><strong><em>! <\/em><\/strong>Mamy nadziej\u0119, \u017ce stanie si\u0119 ona dla Pa\u0144stwa \u017ar\u00f3d\u0142em informacji o pracy naszego o\u015brodka. \u015awiadczymy us\u0142ugi medyczne w ramach um\u00f3w\u00a0z Narodowym Funduszem Zdrowia. Dzia\u0142aj\u0105 u nas poradnie: <strong>POZ<\/strong>, <strong>laryngologiczna<\/strong>, <strong>ginekologiczna<\/strong> i <strong>stomatologiczna<\/strong>. Posiadamy r\u00f3wnie\u017c w swojej plac\u00f3wce nowoczesny punkt pobra\u0144. Naszym celem jest profilaktyka, zapobieganie i leczenie dzieci i doros\u0142ych. Posiadamy r\u00f3wnie\u017c odp\u0142atne Poradnie: <strong>Psychiatryczna-Praktyka Lekarska<\/strong>,<strong> Kardiologiczna<\/strong>, <strong>Dietetyczna<\/strong>. Przychodnia jest przystosowana dla os\u00f3b niepe\u0142nosprawnych (podjazdy, winda, \u0142azienki, gabinety).<\/p>\n\n\n<div class=\"wp-block-image\">\n<figure class=\"aligncenter size-full is-resized\"><img loading=\"lazy\" decoding=\"async\" width=\"1024\" height=\"1024\" src=\"https:\/\/spzoziwonicz.pl\/wp-content\/uploads\/2025\/08\/LOGO.png\" alt=\"\" class=\"wp-image-177\" style=\"width:191px;height:auto\" srcset=\"https:\/\/spzoziwonicz.pl\/wp-content\/uploads\/2025\/08\/LOGO.png 1024w, https:\/\/spzoziwonicz.pl\/wp-content\/uploads\/2025\/08\/LOGO-300x300.png 300w, https:\/\/spzoziwonicz.pl\/wp-content\/uploads\/2025\/08\/LOGO-150x150.png 150w, https:\/\/spzoziwonicz.pl\/wp-content\/uploads\/2025\/08\/LOGO-768x768.png 768w, https:\/\/spzoziwonicz.pl\/wp-content\/uploads\/2025\/08\/LOGO-100x100.png 100w\" sizes=\"auto, (max-width: 767px) 89vw, (max-width: 1000px) 54vw, (max-width: 1071px) 543px, 580px\" \/><\/figure><\/div>\n\n\n<p class=\"has-text-align-center\"><em><strong>Samodzielny Publiczny Zak\u0142ad Opieki Zdrowotnej<\/strong><\/em><\/p>\n\n\n\n<p class=\"has-text-align-center\"><em><strong>Gminna Przychodnia Lekarska w Iwoniczu-Zdroju<\/strong><\/em><\/p>\n","protected":false},"excerpt":{"rendered":"<p>Witamy na stronie Samodzielny Publiczny Zak\u0142ad Opieki Zdrowotnej Gminna Przychodnia Lekarska w Iwoniczu-Zdroju! Mamy nadziej\u0119, \u017ce stanie si\u0119 ona dla Pa\u0144stwa \u017ar\u00f3d\u0142em informacji o pracy naszego o\u015brodka. \u015awiadczymy us\u0142ugi medyczne w ramach um\u00f3w\u00a0z Narodowym Funduszem Zdrowia. Dzia\u0142aj\u0105 u nas poradnie: POZ, laryngologiczna, ginekologiczna i stomatologiczna. Posiadamy r\u00f3wnie\u017c w swojej plac\u00f3wce nowoczesny punkt pobra\u0144. Naszym celem &hellip; <\/p>\n<p class=\"link-more\"><a href=\"https:\/\/spzoziwonicz.pl\/\" class=\"more-link\">Czytaj dalej<span class=\"screen-reader-text\"> \u201eSTRONA G\u0141\u00d3WNA\u201d<\/span><\/a><\/p>\n","protected":false},"author":1,"featured_media":0,"parent":0,"menu_order":0,"comment_status":"closed","ping_status":"closed","template":"","meta":{"footnotes":""},"class_list":["post-9","page","type-page","status-publish","hentry"],"_links":{"self":[{"href":"https:\/\/spzoziwonicz.pl\/index.php\/wp-json\/wp\/v2\/pages\/9","targetHints":{"allow":["GET"]}}],"collection":[{"href":"https:\/\/spzoziwonicz.pl\/index.php\/wp-json\/wp\/v2\/pages"}],"about":[{"href":"https:\/\/spzoziwonicz.pl\/index.php\/wp-json\/wp\/v2\/types\/page"}],"author":[{"embeddable":true,"href":"https:\/\/spzoziwonicz.pl\/index.php\/wp-json\/wp\/v2\/users\/1"}],"replies":[{"embeddable":true,"href":"https:\/\/spzoziwonicz.pl\/index.php\/wp-json\/wp\/v2\/comments?post=9"}],"version-history":[{"count":10,"href":"https:\/\/spzoziwonicz.pl\/index.php\/wp-json\/wp\/v2\/pages\/9\/revisions"}],"predecessor-version":[{"id":273,"href":"https:\/\/spzoziwonicz.pl\/index.php\/wp-json\/wp\/v2\/pages\/9\/revisions\/273"}],"wp:attachment":[{"href":"https:\/\/spzoziwonicz.pl\/index.php\/wp-json\/wp\/v2\/media?parent=9"}],"curies":[{"name":"wp","href":"https:\/\/api.w.org\/{rel}","templated":true}]}}