{"id":74,"date":"2025-08-28T13:31:26","date_gmt":"2025-08-28T13:31:26","guid":{"rendered":"https:\/\/spzoziwonicz.pl\/?page_id=74"},"modified":"2025-09-08T18:01:07","modified_gmt":"2025-09-08T18:01:07","slug":"cennik-obowiazujacy-od-dnia-15-10-2024-r","status":"publish","type":"page","link":"https:\/\/spzoziwonicz.pl\/index.php\/cennik-obowiazujacy-od-dnia-15-10-2024-r\/","title":{"rendered":"CENNIK"},"content":{"rendered":"\n<ul class=\"wp-block-list\">\n<li>za us\u0142ugi medyczne obowi\u0105zuj\u0105cy od dnia 1.09.2025 &#8211; [<a href=\"https:\/\/spzoziwonicz.pl\/wp-content\/uploads\/2025\/09\/cennik-usl.-medyczne.pdf\" data-type=\"attachment\" data-id=\"281\">pobierz<\/a>]<\/li>\n\n\n\n<li>op\u0142aty za udost\u0119pnianie dokumentacji medycznej obowi\u0105zuj\u0105cy od dnia 1.09.2025 &#8211; [<a href=\"https:\/\/spzoziwonicz.pl\/wp-content\/uploads\/2025\/09\/oplaty-za-udostepnianie-dokumentacji-medycznej.pdf\" data-type=\"attachment\" data-id=\"282\">pobierz<\/a>]<\/li>\n\n\n\n<li>us\u0142ugi laboratoryjne MEDYK &#8211; [<a href=\"https:\/\/spzoziwonicz.pl\/wp-content\/uploads\/2025\/09\/uslugi-laboratoryjne-Medyk-pakiety-2.pdf\" data-type=\"attachment\" data-id=\"283\">pobierz<\/a>]<\/li>\n<\/ul>\n\n\n\n<p><\/p>\n","protected":false},"excerpt":{"rendered":"","protected":false},"author":1,"featured_media":0,"parent":0,"menu_order":0,"comment_status":"closed","ping_status":"closed","template":"","meta":{"footnotes":""},"class_list":["post-74","page","type-page","status-publish","hentry"],"_links":{"self":[{"href":"https:\/\/spzoziwonicz.pl\/index.php\/wp-json\/wp\/v2\/pages\/74","targetHints":{"allow":["GET"]}}],"collection":[{"href":"https:\/\/spzoziwonicz.pl\/index.php\/wp-json\/wp\/v2\/pages"}],"about":[{"href":"https:\/\/spzoziwonicz.pl\/index.php\/wp-json\/wp\/v2\/types\/page"}],"author":[{"embeddable":true,"href":"https:\/\/spzoziwonicz.pl\/index.php\/wp-json\/wp\/v2\/users\/1"}],"replies":[{"embeddable":true,"href":"https:\/\/spzoziwonicz.pl\/index.php\/wp-json\/wp\/v2\/comments?post=74"}],"version-history":[{"count":6,"href":"https:\/\/spzoziwonicz.pl\/index.php\/wp-json\/wp\/v2\/pages\/74\/revisions"}],"predecessor-version":[{"id":284,"href":"https:\/\/spzoziwonicz.pl\/index.php\/wp-json\/wp\/v2\/pages\/74\/revisions\/284"}],"wp:attachment":[{"href":"https:\/\/spzoziwonicz.pl\/index.php\/wp-json\/wp\/v2\/media?parent=74"}],"curies":[{"name":"wp","href":"https:\/\/api.w.org\/{rel}","templated":true}]}}