{"id":70,"date":"2025-08-28T13:26:42","date_gmt":"2025-08-28T13:26:42","guid":{"rendered":"https:\/\/spzoziwonicz.pl\/?page_id=70"},"modified":"2025-08-28T13:53:11","modified_gmt":"2025-08-28T13:53:11","slug":"klauzula-informacyjna-dla-kontrahentow","status":"publish","type":"page","link":"https:\/\/spzoziwonicz.pl\/index.php\/rodo\/klauzula-informacyjna-dla-kontrahentow\/","title":{"rendered":"Klauzula informacyjna dla Kontrahent\u00f3w"},"content":{"rendered":"\n<p>Zgodnie z art. 13 og\u00f3lnego rozporz\u0105dzenia o ochronie danych osobowych z dnia 27 kwietnia 2016 r. (Dz. Urz. UE L 119 z 04.05.2016) informujemy, i\u017c:<\/p>\n\n\n\n<ol class=\"wp-block-list\">\n<li>Administratorem Pani\/Pana danych osobowych jest <strong>Samodzielny Publiczny Zak\u0142ad Opieki Zdrowotnej Gminna Przychodnia Lekarska<\/strong> z siedzib\u0105: <strong>w Iwonicz-Zdr\u00f3j,<br>ul. Ks. J. R\u0105ba 4<\/strong><\/li>\n\n\n\n<li>Kontakt z Inspektorem Ochrony Danych &#8211; iod@netmol.pl<\/li>\n\n\n\n<li>Pani\/Pana dane osobowe przetwarzane b\u0119d\u0105 w celu realizacji umowy i wystawienie dokument\u00f3w ksi\u0119gowych zgodnie z art. 6 ust 1 lit. b i c og\u00f3lnego rozporz\u0105dzenia o\u00a0ochronie danych osobowych z\u00a0dnia 27 kwietnia 2016 r.,<\/li>\n\n\n\n<li>Odbiorcami Pani\/Pana danych osobowych b\u0119d\u0105 wy\u0142\u0105cznie podmioty uprawnione do uzyskania danych osobowych na podstawie obowi\u0105zuj\u0105cych przepis\u00f3w prawa,<\/li>\n\n\n\n<li>Pani\/Pana dane osobowe przechowywane b\u0119d\u0105 przez okres trwania umowy \u00a0a po jej zako\u0144czeniu przez okres 6 lat na podstawie Ustawy z dnia 11 marca 2004 r. o podatku od towar\u00f3w i us\u0142ug<\/li>\n\n\n\n<li>Posiada Pani\/Pan prawo do \u017c\u0105dania od administratora dost\u0119pu do danych osobowych, prawo do\u00a0ich sprostowania, usuni\u0119cia lub ograniczenia przetwarzania, prawo do przenoszenia danych, prawo do wniesienia sprzeciwu wobec przetwarzania.<\/li>\n\n\n\n<li>Posiada Pani\/Pan prawo wniesienia skargi do Prezesa Urz\u0119du Ochrony Danych Osobowych.<\/li>\n\n\n\n<li>Dane osobowe nie b\u0119d\u0105 przetwarzane w spos\u00f3b zautomatyzowany.<\/li>\n<\/ol>\n\n\n\n<p>Podanie danych osobowych jest obligatoryjne w oparciu o przepisy prawa.<\/p>\n","protected":false},"excerpt":{"rendered":"<p>Zgodnie z art. 13 og\u00f3lnego rozporz\u0105dzenia o ochronie danych osobowych z dnia 27 kwietnia 2016 r. (Dz. Urz. UE L 119 z 04.05.2016) informujemy, i\u017c: Podanie danych osobowych jest obligatoryjne w oparciu o przepisy prawa.<\/p>\n","protected":false},"author":1,"featured_media":0,"parent":62,"menu_order":0,"comment_status":"closed","ping_status":"closed","template":"","meta":{"footnotes":""},"class_list":["post-70","page","type-page","status-publish","hentry"],"_links":{"self":[{"href":"https:\/\/spzoziwonicz.pl\/index.php\/wp-json\/wp\/v2\/pages\/70","targetHints":{"allow":["GET"]}}],"collection":[{"href":"https:\/\/spzoziwonicz.pl\/index.php\/wp-json\/wp\/v2\/pages"}],"about":[{"href":"https:\/\/spzoziwonicz.pl\/index.php\/wp-json\/wp\/v2\/types\/page"}],"author":[{"embeddable":true,"href":"https:\/\/spzoziwonicz.pl\/index.php\/wp-json\/wp\/v2\/users\/1"}],"replies":[{"embeddable":true,"href":"https:\/\/spzoziwonicz.pl\/index.php\/wp-json\/wp\/v2\/comments?post=70"}],"version-history":[{"count":1,"href":"https:\/\/spzoziwonicz.pl\/index.php\/wp-json\/wp\/v2\/pages\/70\/revisions"}],"predecessor-version":[{"id":71,"href":"https:\/\/spzoziwonicz.pl\/index.php\/wp-json\/wp\/v2\/pages\/70\/revisions\/71"}],"up":[{"embeddable":true,"href":"https:\/\/spzoziwonicz.pl\/index.php\/wp-json\/wp\/v2\/pages\/62"}],"wp:attachment":[{"href":"https:\/\/spzoziwonicz.pl\/index.php\/wp-json\/wp\/v2\/media?parent=70"}],"curies":[{"name":"wp","href":"https:\/\/api.w.org\/{rel}","templated":true}]}}