{"id":67,"date":"2025-08-28T13:22:25","date_gmt":"2025-08-28T13:22:25","guid":{"rendered":"https:\/\/spzoziwonicz.pl\/?page_id=67"},"modified":"2025-08-28T13:53:30","modified_gmt":"2025-08-28T13:53:30","slug":"klauzula-informacyjna-2","status":"publish","type":"page","link":"https:\/\/spzoziwonicz.pl\/index.php\/rodo\/klauzula-informacyjna-2\/","title":{"rendered":"Klauzula informacyjna"},"content":{"rendered":"\n<p>Informuj\u0119, \u017ce:<\/p>\n\n\n\n<ol class=\"wp-block-list\">\n<li>Administratorem Pani\/Pana danych osobowych jest SP ZOZ Gminna Przychodnia Lekarska<br>w Iwoniczu-Zdroju z siedzib\u0105 w Iwoniczu-Zdroju przy ulicy Ksi\u0119dza Jana R\u0105ba 4, zwany dalej Administratorem; Administrator prowadzi operacje przetwarzania Pani\/Pana danych osobowych,<\/li>\n<\/ol>\n\n\n\n<p>2. Pani\/Pana dane osobowe przetwarzane s\u0105 w celu wykonania i na podstawie zawartej przez Pani\u0105\/ Pana z nami umowy zlecenie (podstawa z art. 6 ust. 1 lit. b RODO). Informujemy, \u017ce podanie danych osobowych jest obowi\u0105zkowe, co wynika z przepis\u00f3w Prawa Pracy,<br>w szczeg\u00f3lno\u015bci z Ustawy Kodeks Pracy.<\/p>\n\n\n\n<p>3. Pani\/ Pana dane mo\u017cemy udost\u0119pnia\u0107 nast\u0119puj\u0105cym kategoriom podmiot\u00f3w:<\/p>\n\n\n\n<ul class=\"wp-block-list\">\n<li>pacjentom poprzez umieszczenie tytu\u0142u zawodowego, imienia, nazwiska (harmonogram przyj\u0119\u0107 umieszczony na drzwiach, na stronie internetowej przychodni),<\/li>\n<\/ul>\n\n\n\n<ul class=\"wp-block-list\">\n<li>podwykonawcom, czyli podmiotom, z kt\u00f3rych korzystamy przy ich przetwarzaniu<br>\u00a0( m.in. podmioty \u015bwiadcz\u0105ce dla nas us\u0142ugi medyczne \u2013 RTG, USG, laboratoryjne, inne wynikaj\u0105ce ze wskaza\u0144 lekarza, firma informatyczna),<\/li>\n<\/ul>\n\n\n\n<ul class=\"wp-block-list\">\n<li>ZUS, Urz\u0105d Skarbowy,<\/li>\n<\/ul>\n\n\n\n<ul class=\"wp-block-list\">\n<li>Narodowy Fundusz Zdrowia (kontraktowanie, rozliczanie \u015bwiadcze\u0144, kontrola),<\/li>\n<\/ul>\n\n\n\n<ul class=\"wp-block-list\">\n<li>Inne podmioty kontroluj\u0105ce m. in. Urz\u0105d Wojew\u00f3dzki w Rzeszowie, Pa\u0144stwowa Inspekcja Sanitarna, Gmina Iwonicz-Zdr\u00f3j.<\/li>\n<\/ul>\n\n\n\n<p>4. Administrator danych\u00a0 gwarantuje w\u0142a\u015bciw\u0105 ochron\u0119 przetwarzanych danych osobowych. Osobie, kt\u00f3rej dane dotycz\u0105 ma prawo dost\u0119pu do tre\u015bci swoich danych oraz obowi\u0105zek ich poprawiania i uzupe\u0142niania w przypadku zmiany.<\/p>\n\n\n\n<p>5. Posiada Pani\/Pan prawo do;<\/p>\n\n\n\n<ul class=\"wp-block-list\">\n<li>\u017c\u0105dania od Administratora dost\u0119pu do swoich danych osobowych, ich sprostowania, usuni\u0119cia lub ograniczenia przetwarzania danych osobowych,<\/li>\n<\/ul>\n\n\n\n<ul class=\"wp-block-list\">\n<li>wniesienia sprzeciwu wobec takiego przetwarzania,<\/li>\n<\/ul>\n\n\n\n<ul class=\"wp-block-list\">\n<li>przenoszenia danych,<\/li>\n<\/ul>\n\n\n\n<ul class=\"wp-block-list\">\n<li>wniesienia skargi do organu nadzorczego,<\/li>\n<\/ul>\n\n\n\n<ul class=\"wp-block-list\">\n<li>cofni\u0119cia zgody na przetwarzanie danych osobowych.<\/li>\n<\/ul>\n\n\n\n<p>6. Pani\/ Pana dane osobowe nie podlegaj\u0105 zautomatyzowanemu podejmowaniu decyzji, w tym profilowaniu,<\/p>\n\n\n\n<p>7. Pani\/ Pana dane osobowe b\u0119d\u0105 przechowywane przez okres 5 lat od momentu zako\u0144czenia zawartej z Pani\u0105\/Panem umowy, licz\u0105c od roku nast\u0119pnego po kt\u00f3rym wygasa.<\/p>\n","protected":false},"excerpt":{"rendered":"<p>Informuj\u0119, \u017ce: 2. Pani\/Pana dane osobowe przetwarzane s\u0105 w celu wykonania i na podstawie zawartej przez Pani\u0105\/ Pana z nami umowy zlecenie (podstawa z art. 6 ust. 1 lit. b RODO). Informujemy, \u017ce podanie danych osobowych jest obowi\u0105zkowe, co wynika z przepis\u00f3w Prawa Pracy,w szczeg\u00f3lno\u015bci z Ustawy Kodeks Pracy. 3. Pani\/ Pana dane mo\u017cemy udost\u0119pnia\u0107 &hellip; <\/p>\n<p class=\"link-more\"><a href=\"https:\/\/spzoziwonicz.pl\/index.php\/rodo\/klauzula-informacyjna-2\/\" class=\"more-link\">Czytaj dalej<span class=\"screen-reader-text\"> \u201eKlauzula informacyjna\u201d<\/span><\/a><\/p>\n","protected":false},"author":1,"featured_media":0,"parent":62,"menu_order":0,"comment_status":"closed","ping_status":"closed","template":"","meta":{"footnotes":""},"class_list":["post-67","page","type-page","status-publish","hentry"],"_links":{"self":[{"href":"https:\/\/spzoziwonicz.pl\/index.php\/wp-json\/wp\/v2\/pages\/67","targetHints":{"allow":["GET"]}}],"collection":[{"href":"https:\/\/spzoziwonicz.pl\/index.php\/wp-json\/wp\/v2\/pages"}],"about":[{"href":"https:\/\/spzoziwonicz.pl\/index.php\/wp-json\/wp\/v2\/types\/page"}],"author":[{"embeddable":true,"href":"https:\/\/spzoziwonicz.pl\/index.php\/wp-json\/wp\/v2\/users\/1"}],"replies":[{"embeddable":true,"href":"https:\/\/spzoziwonicz.pl\/index.php\/wp-json\/wp\/v2\/comments?post=67"}],"version-history":[{"count":1,"href":"https:\/\/spzoziwonicz.pl\/index.php\/wp-json\/wp\/v2\/pages\/67\/revisions"}],"predecessor-version":[{"id":68,"href":"https:\/\/spzoziwonicz.pl\/index.php\/wp-json\/wp\/v2\/pages\/67\/revisions\/68"}],"up":[{"embeddable":true,"href":"https:\/\/spzoziwonicz.pl\/index.php\/wp-json\/wp\/v2\/pages\/62"}],"wp:attachment":[{"href":"https:\/\/spzoziwonicz.pl\/index.php\/wp-json\/wp\/v2\/media?parent=67"}],"curies":[{"name":"wp","href":"https:\/\/api.w.org\/{rel}","templated":true}]}}