{"id":62,"date":"2025-08-28T13:13:34","date_gmt":"2025-08-28T13:13:34","guid":{"rendered":"https:\/\/spzoziwonicz.pl\/?page_id=62"},"modified":"2025-09-02T17:28:45","modified_gmt":"2025-09-02T17:28:45","slug":"rodo","status":"publish","type":"page","link":"https:\/\/spzoziwonicz.pl\/index.php\/rodo\/","title":{"rendered":"RODO"},"content":{"rendered":"\n<p class=\"has-text-align-center has-medium-font-size\"><a href=\"https:\/\/spzoziwonicz.pl\/index.php\/klauzula-informacyjna\/\" data-type=\"page\" data-id=\"64\"><strong><em>Klauzula informacyjna<\/em><\/strong><\/a><\/p>\n\n\n\n<p class=\"has-text-align-center has-medium-font-size\"><strong><em><a href=\"https:\/\/spzoziwonicz.pl\/index.php\/klauzula-informacyjna-2\/\" data-type=\"page\" data-id=\"67\">Klauzula informacyjna dla lekarzy i pracownik\u00f3w<\/a><\/em><\/strong><\/p>\n\n\n\n<p class=\"has-text-align-center has-medium-font-size\"><strong><em><a href=\"https:\/\/spzoziwonicz.pl\/index.php\/klauzula-informacyjna-dla-kontrahentow\/\" data-type=\"page\" data-id=\"70\">Klauzula dla kontrahent\u00f3w<\/a><\/em><\/strong><\/p>\n\n\n<div class=\"wp-block-image\">\n<figure class=\"aligncenter size-full is-resized\"><img loading=\"lazy\" decoding=\"async\" width=\"1024\" height=\"1024\" src=\"https:\/\/spzoziwonicz.pl\/wp-content\/uploads\/2025\/08\/LOGO.png\" alt=\"\" class=\"wp-image-177\" style=\"width:221px;height:auto\" srcset=\"https:\/\/spzoziwonicz.pl\/wp-content\/uploads\/2025\/08\/LOGO.png 1024w, https:\/\/spzoziwonicz.pl\/wp-content\/uploads\/2025\/08\/LOGO-300x300.png 300w, https:\/\/spzoziwonicz.pl\/wp-content\/uploads\/2025\/08\/LOGO-150x150.png 150w, https:\/\/spzoziwonicz.pl\/wp-content\/uploads\/2025\/08\/LOGO-768x768.png 768w, https:\/\/spzoziwonicz.pl\/wp-content\/uploads\/2025\/08\/LOGO-100x100.png 100w\" sizes=\"auto, (max-width: 767px) 89vw, (max-width: 1000px) 54vw, (max-width: 1071px) 543px, 580px\" \/><\/figure><\/div>\n\n\n<p class=\"has-text-align-center\"><em><strong>Samodzielny Publiczny Zak\u0142ad Opieki Zdrowotnej <\/strong><\/em><\/p>\n\n\n\n<p class=\"has-text-align-center\"><em><strong>Gminna Przychodnia Lekarska w Iwoniczu-Zdroju<\/strong><\/em><\/p>\n","protected":false},"excerpt":{"rendered":"<p>Klauzula informacyjna Klauzula informacyjna dla lekarzy i pracownik\u00f3w Klauzula dla kontrahent\u00f3w Samodzielny Publiczny Zak\u0142ad Opieki Zdrowotnej Gminna Przychodnia Lekarska w Iwoniczu-Zdroju<\/p>\n","protected":false},"author":1,"featured_media":0,"parent":0,"menu_order":0,"comment_status":"closed","ping_status":"closed","template":"","meta":{"footnotes":""},"class_list":["post-62","page","type-page","status-publish","hentry"],"_links":{"self":[{"href":"https:\/\/spzoziwonicz.pl\/index.php\/wp-json\/wp\/v2\/pages\/62","targetHints":{"allow":["GET"]}}],"collection":[{"href":"https:\/\/spzoziwonicz.pl\/index.php\/wp-json\/wp\/v2\/pages"}],"about":[{"href":"https:\/\/spzoziwonicz.pl\/index.php\/wp-json\/wp\/v2\/types\/page"}],"author":[{"embeddable":true,"href":"https:\/\/spzoziwonicz.pl\/index.php\/wp-json\/wp\/v2\/users\/1"}],"replies":[{"embeddable":true,"href":"https:\/\/spzoziwonicz.pl\/index.php\/wp-json\/wp\/v2\/comments?post=62"}],"version-history":[{"count":8,"href":"https:\/\/spzoziwonicz.pl\/index.php\/wp-json\/wp\/v2\/pages\/62\/revisions"}],"predecessor-version":[{"id":227,"href":"https:\/\/spzoziwonicz.pl\/index.php\/wp-json\/wp\/v2\/pages\/62\/revisions\/227"}],"wp:attachment":[{"href":"https:\/\/spzoziwonicz.pl\/index.php\/wp-json\/wp\/v2\/media?parent=62"}],"curies":[{"name":"wp","href":"https:\/\/api.w.org\/{rel}","templated":true}]}}