{"id":42,"date":"2025-08-28T12:58:32","date_gmt":"2025-08-28T12:58:32","guid":{"rendered":"https:\/\/spzoziwonicz.pl\/?page_id=42"},"modified":"2025-08-31T14:33:37","modified_gmt":"2025-08-31T14:33:37","slug":"do-pobrania","status":"publish","type":"page","link":"https:\/\/spzoziwonicz.pl\/index.php\/do-pobrania\/","title":{"rendered":"DO POBRANIA"},"content":{"rendered":"\n<p class=\"has-text-align-center has-medium-font-size\"><a href=\"https:\/\/spzoziwonicz.pl\/index.php\/karta-praw-pacjeta\/\" data-type=\"page\" data-id=\"45\"><strong><em>Karta Praw Pacjenta<\/em><\/strong><\/a><\/p>\n\n\n\n<p class=\"has-text-align-center has-medium-font-size\"><strong><em><a href=\"https:\/\/spzoziwonicz.pl\/index.php\/deklaracja-wyboru-swiadczeniodawcy-udzielajacego-swiadczen-z-zakresu-podstawowej-opieki-zdrowotnej-oraz-lekarza-podstawowej-opieki-zdrowotnej\/\" data-type=\"page\" data-id=\"90\">Deklaracja wyboru \u015bwiadczeniodawcy udzielaj\u0105cego \u015bwiadcze\u0144 z zakresu podstawowej opieki zdrowotnej&nbsp;oraz lekarza podstawowej opieki zdrowotnej<\/a><\/em><\/strong><\/p>\n\n\n\n<p class=\"has-text-align-center has-medium-font-size\"><strong><em><a href=\"https:\/\/spzoziwonicz.pl\/index.php\/deklaracja-wyboru-swiadczeniodawcy-udzielajacego-swiadczen-z-zakresu-podstawowej-opieki-zdrowotnej-oraz-pielegniarki-podstawowej-opieki-zdrowotnej\/\" data-type=\"page\" data-id=\"95\">Deklaracja wyboru \u015bwiadczeniodawcy udzielaj\u0105cego \u015bwiadcze\u0144 z zakresu podstawowej opieki zdrowotnej&nbsp;oraz piel\u0119gniarki podstawowej opieki zdrowotnej<\/a><\/em><\/strong><\/p>\n\n\n\n<p class=\"has-text-align-center has-medium-font-size\"><strong><em><a href=\"https:\/\/spzoziwonicz.pl\/index.php\/do-pobrania\/deklaracja-wyboru-swiadczeniodawcy-udzielajacego-swiadczen-z-zakresu-podstawowej-opieki-zdrowotnej-oraz-poloznej-podstawowej-opieki-zdrowotnej\/\" data-type=\"page\" data-id=\"100\">Deklaracja wyboru \u015bwiadczeniodawcy udzielaj\u0105cego \u015bwiadcze\u0144 z zakresu podstawowej opieki zdrowotnej&nbsp;oraz Po\u0142o\u017cnej podstawowej opieki zdrowotnej<\/a><\/em><\/strong><\/p>\n\n\n\n<p class=\"has-text-align-center has-medium-font-size\"><strong><em><a href=\"https:\/\/spzoziwonicz.pl\/index.php\/do-pobrania\/upowaznienie-osoby-do-otrzymania-informacji-o-stanie-zdrowia-pacjenta\/\" data-type=\"page\" data-id=\"105\">Upowa\u017cnienie osoby do otrzymania informacji o stanie zdrowia pacjenta<\/a><\/em><\/strong><\/p>\n\n\n\n<p class=\"has-text-align-center has-medium-font-size\"><strong><em><a href=\"https:\/\/spzoziwonicz.pl\/index.php\/do-pobrania\/wniosek-o-udostepnienie-kopii-dokumentacji-medycznej\/\" data-type=\"page\" data-id=\"110\">Wniosek o udost\u0119pnienie kopii dokumentacji medycznej<\/a><\/em><\/strong><\/p>\n\n\n<div class=\"wp-block-image\">\n<figure class=\"aligncenter size-full is-resized\"><img loading=\"lazy\" decoding=\"async\" width=\"1024\" height=\"1024\" src=\"https:\/\/spzoziwonicz.pl\/wp-content\/uploads\/2025\/08\/LOGO.png\" alt=\"\" class=\"wp-image-177\" style=\"width:234px;height:auto\" srcset=\"https:\/\/spzoziwonicz.pl\/wp-content\/uploads\/2025\/08\/LOGO.png 1024w, https:\/\/spzoziwonicz.pl\/wp-content\/uploads\/2025\/08\/LOGO-300x300.png 300w, https:\/\/spzoziwonicz.pl\/wp-content\/uploads\/2025\/08\/LOGO-150x150.png 150w, https:\/\/spzoziwonicz.pl\/wp-content\/uploads\/2025\/08\/LOGO-768x768.png 768w, https:\/\/spzoziwonicz.pl\/wp-content\/uploads\/2025\/08\/LOGO-100x100.png 100w\" sizes=\"auto, (max-width: 767px) 89vw, (max-width: 1000px) 54vw, (max-width: 1071px) 543px, 580px\" \/><\/figure><\/div>\n\n\n<p class=\"has-text-align-center\"><em><strong>Samodzielny Publiczny Zak\u0142ad Opieki Zdrowotnej w Iwoniczu-Zdroju <\/strong><\/em><\/p>\n\n\n\n<p class=\"has-text-align-center\"><em><strong>Gminna Przychodnia Lekarska w Iwoniczu-Zdroju<\/strong><\/em><\/p>\n","protected":false},"excerpt":{"rendered":"<p>Karta Praw Pacjenta Deklaracja wyboru \u015bwiadczeniodawcy udzielaj\u0105cego \u015bwiadcze\u0144 z zakresu podstawowej opieki zdrowotnej&nbsp;oraz lekarza podstawowej opieki zdrowotnej Deklaracja wyboru \u015bwiadczeniodawcy udzielaj\u0105cego \u015bwiadcze\u0144 z zakresu podstawowej opieki zdrowotnej&nbsp;oraz piel\u0119gniarki podstawowej opieki zdrowotnej Deklaracja wyboru \u015bwiadczeniodawcy udzielaj\u0105cego \u015bwiadcze\u0144 z zakresu podstawowej opieki zdrowotnej&nbsp;oraz Po\u0142o\u017cnej podstawowej opieki zdrowotnej Upowa\u017cnienie osoby do otrzymania informacji o stanie zdrowia pacjenta Wniosek &hellip; <\/p>\n<p class=\"link-more\"><a href=\"https:\/\/spzoziwonicz.pl\/index.php\/do-pobrania\/\" class=\"more-link\">Czytaj dalej<span class=\"screen-reader-text\"> \u201eDO POBRANIA\u201d<\/span><\/a><\/p>\n","protected":false},"author":1,"featured_media":0,"parent":0,"menu_order":0,"comment_status":"closed","ping_status":"closed","template":"","meta":{"footnotes":""},"class_list":["post-42","page","type-page","status-publish","hentry"],"_links":{"self":[{"href":"https:\/\/spzoziwonicz.pl\/index.php\/wp-json\/wp\/v2\/pages\/42","targetHints":{"allow":["GET"]}}],"collection":[{"href":"https:\/\/spzoziwonicz.pl\/index.php\/wp-json\/wp\/v2\/pages"}],"about":[{"href":"https:\/\/spzoziwonicz.pl\/index.php\/wp-json\/wp\/v2\/types\/page"}],"author":[{"embeddable":true,"href":"https:\/\/spzoziwonicz.pl\/index.php\/wp-json\/wp\/v2\/users\/1"}],"replies":[{"embeddable":true,"href":"https:\/\/spzoziwonicz.pl\/index.php\/wp-json\/wp\/v2\/comments?post=42"}],"version-history":[{"count":25,"href":"https:\/\/spzoziwonicz.pl\/index.php\/wp-json\/wp\/v2\/pages\/42\/revisions"}],"predecessor-version":[{"id":198,"href":"https:\/\/spzoziwonicz.pl\/index.php\/wp-json\/wp\/v2\/pages\/42\/revisions\/198"}],"wp:attachment":[{"href":"https:\/\/spzoziwonicz.pl\/index.php\/wp-json\/wp\/v2\/media?parent=42"}],"curies":[{"name":"wp","href":"https:\/\/api.w.org\/{rel}","templated":true}]}}