{"id":364,"date":"2026-03-04T11:41:33","date_gmt":"2026-03-04T11:41:33","guid":{"rendered":"https:\/\/spzoziwonicz.pl\/?page_id=364"},"modified":"2026-03-17T14:56:17","modified_gmt":"2026-03-17T14:56:17","slug":"profilaktyka","status":"publish","type":"page","link":"https:\/\/spzoziwonicz.pl\/index.php\/profilaktyka\/","title":{"rendered":"Profilaktyka"},"content":{"rendered":"\n<p>Zapraszamy do skorzystania z program\u00f3w profilaktycznych dost\u0119pnych w naszej plac\u00f3wce:<\/p>\n\n\n\n<ul class=\"wp-block-list\">\n<li>profilaktyka chor\u00f3b uk\u0142adu kr\u0105\u017cenia<\/li>\n\n\n\n<li>profilaktyka gru\u017alicy<\/li>\n\n\n\n<li>program Moje Zdrowie<\/li>\n<\/ul>\n\n\n\n<p>Informacje na temat program\u00f3w profilaktycznych &#8211; <a href=\"https:\/\/www.nfz.gov.pl\/dla-pacjenta\/programy-profilaktyczne\/\">kliknij<\/a><\/p>\n\n\n\n<figure class=\"wp-block-image size-full\"><img loading=\"lazy\" decoding=\"async\" width=\"1024\" height=\"1024\" src=\"https:\/\/spzoziwonicz.pl\/wp-content\/uploads\/2026\/03\/BCO.09c1c4d2-48cf-49e2-b145-18677448b9fa.png\" alt=\"\" class=\"wp-image-374\" srcset=\"https:\/\/spzoziwonicz.pl\/wp-content\/uploads\/2026\/03\/BCO.09c1c4d2-48cf-49e2-b145-18677448b9fa.png 1024w, https:\/\/spzoziwonicz.pl\/wp-content\/uploads\/2026\/03\/BCO.09c1c4d2-48cf-49e2-b145-18677448b9fa-300x300.png 300w, https:\/\/spzoziwonicz.pl\/wp-content\/uploads\/2026\/03\/BCO.09c1c4d2-48cf-49e2-b145-18677448b9fa-150x150.png 150w, https:\/\/spzoziwonicz.pl\/wp-content\/uploads\/2026\/03\/BCO.09c1c4d2-48cf-49e2-b145-18677448b9fa-768x768.png 768w, https:\/\/spzoziwonicz.pl\/wp-content\/uploads\/2026\/03\/BCO.09c1c4d2-48cf-49e2-b145-18677448b9fa-100x100.png 100w\" sizes=\"auto, (max-width: 767px) 89vw, (max-width: 1000px) 54vw, (max-width: 1071px) 543px, 580px\" \/><\/figure>\n","protected":false},"excerpt":{"rendered":"<p>Zapraszamy do skorzystania z program\u00f3w profilaktycznych dost\u0119pnych w naszej plac\u00f3wce: Informacje na temat program\u00f3w profilaktycznych &#8211; kliknij<\/p>\n","protected":false},"author":1,"featured_media":0,"parent":0,"menu_order":0,"comment_status":"closed","ping_status":"closed","template":"","meta":{"footnotes":""},"class_list":["post-364","page","type-page","status-publish","hentry"],"_links":{"self":[{"href":"https:\/\/spzoziwonicz.pl\/index.php\/wp-json\/wp\/v2\/pages\/364","targetHints":{"allow":["GET"]}}],"collection":[{"href":"https:\/\/spzoziwonicz.pl\/index.php\/wp-json\/wp\/v2\/pages"}],"about":[{"href":"https:\/\/spzoziwonicz.pl\/index.php\/wp-json\/wp\/v2\/types\/page"}],"author":[{"embeddable":true,"href":"https:\/\/spzoziwonicz.pl\/index.php\/wp-json\/wp\/v2\/users\/1"}],"replies":[{"embeddable":true,"href":"https:\/\/spzoziwonicz.pl\/index.php\/wp-json\/wp\/v2\/comments?post=364"}],"version-history":[{"count":2,"href":"https:\/\/spzoziwonicz.pl\/index.php\/wp-json\/wp\/v2\/pages\/364\/revisions"}],"predecessor-version":[{"id":376,"href":"https:\/\/spzoziwonicz.pl\/index.php\/wp-json\/wp\/v2\/pages\/364\/revisions\/376"}],"wp:attachment":[{"href":"https:\/\/spzoziwonicz.pl\/index.php\/wp-json\/wp\/v2\/media?parent=364"}],"curies":[{"name":"wp","href":"https:\/\/api.w.org\/{rel}","templated":true}]}}