{"id":193,"date":"2025-08-31T14:30:37","date_gmt":"2025-08-31T14:30:37","guid":{"rendered":"https:\/\/spzoziwonicz.pl\/?page_id=193"},"modified":"2026-04-09T21:12:34","modified_gmt":"2026-04-09T21:12:34","slug":"harmonogram","status":"publish","type":"page","link":"https:\/\/spzoziwonicz.pl\/index.php\/harmonogram\/","title":{"rendered":"HARMONOGRAM"},"content":{"rendered":"\n<p class=\"has-text-align-center\">HARMONOGRAM PRACY LEKARZY PRACUJ\u0104CYCH W POZ IWONICZ- ZDR\u00d3J<\/p>\n\n\n\n<p><strong>Harmonogram<\/strong> w dniach 6 &#8211; 10 kwiecie\u0144 <strong><a href=\"https:\/\/spzoziwonicz.pl\/wp-content\/uploads\/2025\/11\/grafik-10.11.2025-do-14.11.2025.pdf\" data-type=\"attachment\" data-id=\"307\">(<\/a><a href=\"https:\/\/spzoziwonicz.pl\/wp-content\/uploads\/2026\/04\/GRAFIK-KWIECIEN.jpg\" data-type=\"attachment\" data-id=\"388\">pobierz<\/a><a href=\"https:\/\/spzoziwonicz.pl\/wp-content\/uploads\/2025\/11\/grafik-10.11.2025-do-14.11.2025.pdf\" data-type=\"attachment\" data-id=\"307\">)<\/a><\/strong><\/p>\n\n\n\n<p><strong>Harmonogram<\/strong> w dniach 13 &#8211; 17 kwiecie\u0144 <strong><a href=\"https:\/\/spzoziwonicz.pl\/wp-content\/uploads\/2025\/11\/grafik-10.11.2025-do-14.11.2025.pdf\" data-type=\"attachment\" data-id=\"307\">(<\/a><a href=\"https:\/\/spzoziwonicz.pl\/wp-content\/uploads\/2026\/04\/GRAFIK-KWIECIEN3.jpg\" data-type=\"attachment\" data-id=\"387\">pobierz<\/a><a href=\"https:\/\/spzoziwonicz.pl\/wp-content\/uploads\/2025\/11\/grafik-10.11.2025-do-14.11.2025.pdf\" data-type=\"attachment\" data-id=\"307\">)<\/a><\/strong><\/p>\n\n\n\n<p><\/p>\n\n\n\n<p>Zapraszamy od poniedzia\u0142ku do pi\u0105tku w godz. 8:00 do 18:00<br>Rejestracja: (13) 4350510 lub (13) 4350512 nowy numer (13) 3067575<\/p>\n\n\n\n<p>Ul. Ks. Jana R\u0105ba 4<br>38-440 Iwonicz- Zdr\u00f3j<\/p>\n\n\n<div class=\"wp-block-image\">\n<figure class=\"aligncenter size-full is-resized\"><img loading=\"lazy\" decoding=\"async\" width=\"1024\" height=\"1024\" src=\"https:\/\/spzoziwonicz.pl\/wp-content\/uploads\/2025\/08\/LOGO.png\" alt=\"\" class=\"wp-image-177\" style=\"width:189px;height:auto\" srcset=\"https:\/\/spzoziwonicz.pl\/wp-content\/uploads\/2025\/08\/LOGO.png 1024w, https:\/\/spzoziwonicz.pl\/wp-content\/uploads\/2025\/08\/LOGO-300x300.png 300w, https:\/\/spzoziwonicz.pl\/wp-content\/uploads\/2025\/08\/LOGO-150x150.png 150w, https:\/\/spzoziwonicz.pl\/wp-content\/uploads\/2025\/08\/LOGO-768x768.png 768w, https:\/\/spzoziwonicz.pl\/wp-content\/uploads\/2025\/08\/LOGO-100x100.png 100w\" sizes=\"auto, (max-width: 767px) 89vw, (max-width: 1000px) 54vw, (max-width: 1071px) 543px, 580px\" \/><\/figure><\/div>\n\n\n<p class=\"has-text-align-center\"><em><strong>Samodzielny Publiczny Zak\u0142ad Opieki Zdrowotnej<\/strong><\/em><\/p>\n\n\n\n<p class=\"has-text-align-center\"><em><strong>Gminna Przychodnia Lekarska w Iwoniczu-Zdroju<\/strong><\/em><\/p>\n","protected":false},"excerpt":{"rendered":"<p>HARMONOGRAM PRACY LEKARZY PRACUJ\u0104CYCH W POZ IWONICZ- ZDR\u00d3J Harmonogram w dniach 6 &#8211; 10 kwiecie\u0144 (pobierz) Harmonogram w dniach 13 &#8211; 17 kwiecie\u0144 (pobierz) Zapraszamy od poniedzia\u0142ku do pi\u0105tku w godz. 8:00 do 18:00Rejestracja: (13) 4350510 lub (13) 4350512 nowy numer (13) 3067575 Ul. Ks. Jana R\u0105ba 438-440 Iwonicz- Zdr\u00f3j Samodzielny Publiczny Zak\u0142ad Opieki Zdrowotnej &hellip; <\/p>\n<p class=\"link-more\"><a href=\"https:\/\/spzoziwonicz.pl\/index.php\/harmonogram\/\" class=\"more-link\">Czytaj dalej<span class=\"screen-reader-text\"> \u201eHARMONOGRAM\u201d<\/span><\/a><\/p>\n","protected":false},"author":1,"featured_media":0,"parent":0,"menu_order":0,"comment_status":"closed","ping_status":"closed","template":"","meta":{"footnotes":""},"class_list":["post-193","page","type-page","status-publish","hentry"],"_links":{"self":[{"href":"https:\/\/spzoziwonicz.pl\/index.php\/wp-json\/wp\/v2\/pages\/193","targetHints":{"allow":["GET"]}}],"collection":[{"href":"https:\/\/spzoziwonicz.pl\/index.php\/wp-json\/wp\/v2\/pages"}],"about":[{"href":"https:\/\/spzoziwonicz.pl\/index.php\/wp-json\/wp\/v2\/types\/page"}],"author":[{"embeddable":true,"href":"https:\/\/spzoziwonicz.pl\/index.php\/wp-json\/wp\/v2\/users\/1"}],"replies":[{"embeddable":true,"href":"https:\/\/spzoziwonicz.pl\/index.php\/wp-json\/wp\/v2\/comments?post=193"}],"version-history":[{"count":40,"href":"https:\/\/spzoziwonicz.pl\/index.php\/wp-json\/wp\/v2\/pages\/193\/revisions"}],"predecessor-version":[{"id":389,"href":"https:\/\/spzoziwonicz.pl\/index.php\/wp-json\/wp\/v2\/pages\/193\/revisions\/389"}],"wp:attachment":[{"href":"https:\/\/spzoziwonicz.pl\/index.php\/wp-json\/wp\/v2\/media?parent=193"}],"curies":[{"name":"wp","href":"https:\/\/api.w.org\/{rel}","templated":true}]}}