{"id":169,"date":"2025-08-31T13:59:42","date_gmt":"2025-08-31T13:59:42","guid":{"rendered":"https:\/\/spzoziwonicz.pl\/?page_id=169"},"modified":"2025-09-04T18:58:47","modified_gmt":"2025-09-04T18:58:47","slug":"punkt-poboru-probek","status":"publish","type":"page","link":"https:\/\/spzoziwonicz.pl\/index.php\/informacje\/punkt-poboru-probek\/","title":{"rendered":"Punkt pobra\u0144"},"content":{"rendered":"\n<p>W naszej plac\u00f3wce medycznej znajduje si\u0119 nowoczesny, sta\u0142y <strong>punkt pobra\u0144<\/strong> pr\u00f3bek g\u0142\u00f3wnie krwi \u017cylnej, ale tak\u017ce np. moczu, ka\u0142u czy materia\u0142u do bada\u0144 genetycznych. W naszym punkcie mo\u017cna wykona\u0107 szeroki zakres bada\u0144, od podstawowych, prostych bada\u0144 krwi (np. morfologia, lipidogram) do zaawansowanych test\u00f3w specjalistycznych.\u00a0Nasz punkt oferuje r\u00f3wnie\u017c mo\u017cliwo\u015b\u0107 wykonania bada\u0144 odp\u0142atnych <strong>(cennik)<\/strong>, bez konieczno\u015bci posiadania skierowania od lekarza.\u00a0Pobieranie pr\u00f3bek odbywa si\u0119 w komfortowych i bezpiecznych warunkach, a zabiegi wykonuj\u0105 wykwalifikowane osoby, zgodnie z wysokimi standardami higieny i bezpiecze\u0144stwa.\u00a0Pobrane pr\u00f3bki s\u0105 nast\u0119pnie przekazywane do akredytowanego laboratorium diagnostycznego w celu przeprowadzenia analizy. Istnieje mo\u017cliwo\u015b\u0107 szybkiego uzyskania wynik\u00f3w bada\u0144, np. poprzez system online.\u00a0<\/p>\n\n\n<div class=\"wp-block-image\">\n<figure class=\"aligncenter size-full is-resized\"><img loading=\"lazy\" decoding=\"async\" width=\"1024\" height=\"1024\" src=\"https:\/\/spzoziwonicz.pl\/wp-content\/uploads\/2025\/08\/LOGO.png\" alt=\"\" class=\"wp-image-177\" style=\"width:185px;height:auto\" srcset=\"https:\/\/spzoziwonicz.pl\/wp-content\/uploads\/2025\/08\/LOGO.png 1024w, https:\/\/spzoziwonicz.pl\/wp-content\/uploads\/2025\/08\/LOGO-300x300.png 300w, https:\/\/spzoziwonicz.pl\/wp-content\/uploads\/2025\/08\/LOGO-150x150.png 150w, https:\/\/spzoziwonicz.pl\/wp-content\/uploads\/2025\/08\/LOGO-768x768.png 768w, https:\/\/spzoziwonicz.pl\/wp-content\/uploads\/2025\/08\/LOGO-100x100.png 100w\" sizes=\"auto, (max-width: 767px) 89vw, (max-width: 1000px) 54vw, (max-width: 1071px) 543px, 580px\" \/><\/figure><\/div>\n\n\n<p class=\"has-text-align-center\"><em><strong>Samodzielny Publiczny Zak\u0142ad Opieki Zdrowotnej <\/strong><\/em><\/p>\n\n\n\n<p class=\"has-text-align-center\"><em><strong>Gminna Przychodnia Lekarska w Iwoniczu-Zdroju<\/strong><\/em><\/p>\n","protected":false},"excerpt":{"rendered":"<p>W naszej plac\u00f3wce medycznej znajduje si\u0119 nowoczesny, sta\u0142y punkt pobra\u0144 pr\u00f3bek g\u0142\u00f3wnie krwi \u017cylnej, ale tak\u017ce np. moczu, ka\u0142u czy materia\u0142u do bada\u0144 genetycznych. W naszym punkcie mo\u017cna wykona\u0107 szeroki zakres bada\u0144, od podstawowych, prostych bada\u0144 krwi (np. morfologia, lipidogram) do zaawansowanych test\u00f3w specjalistycznych.\u00a0Nasz punkt oferuje r\u00f3wnie\u017c mo\u017cliwo\u015b\u0107 wykonania bada\u0144 odp\u0142atnych (cennik), bez konieczno\u015bci posiadania &hellip; <\/p>\n<p class=\"link-more\"><a href=\"https:\/\/spzoziwonicz.pl\/index.php\/informacje\/punkt-poboru-probek\/\" class=\"more-link\">Czytaj dalej<span class=\"screen-reader-text\"> \u201ePunkt pobra\u0144\u201d<\/span><\/a><\/p>\n","protected":false},"author":1,"featured_media":170,"parent":10,"menu_order":0,"comment_status":"closed","ping_status":"closed","template":"","meta":{"footnotes":""},"class_list":["post-169","page","type-page","status-publish","has-post-thumbnail","hentry"],"_links":{"self":[{"href":"https:\/\/spzoziwonicz.pl\/index.php\/wp-json\/wp\/v2\/pages\/169","targetHints":{"allow":["GET"]}}],"collection":[{"href":"https:\/\/spzoziwonicz.pl\/index.php\/wp-json\/wp\/v2\/pages"}],"about":[{"href":"https:\/\/spzoziwonicz.pl\/index.php\/wp-json\/wp\/v2\/types\/page"}],"author":[{"embeddable":true,"href":"https:\/\/spzoziwonicz.pl\/index.php\/wp-json\/wp\/v2\/users\/1"}],"replies":[{"embeddable":true,"href":"https:\/\/spzoziwonicz.pl\/index.php\/wp-json\/wp\/v2\/comments?post=169"}],"version-history":[{"count":7,"href":"https:\/\/spzoziwonicz.pl\/index.php\/wp-json\/wp\/v2\/pages\/169\/revisions"}],"predecessor-version":[{"id":263,"href":"https:\/\/spzoziwonicz.pl\/index.php\/wp-json\/wp\/v2\/pages\/169\/revisions\/263"}],"up":[{"embeddable":true,"href":"https:\/\/spzoziwonicz.pl\/index.php\/wp-json\/wp\/v2\/pages\/10"}],"wp:featuredmedia":[{"embeddable":true,"href":"https:\/\/spzoziwonicz.pl\/index.php\/wp-json\/wp\/v2\/media\/170"}],"wp:attachment":[{"href":"https:\/\/spzoziwonicz.pl\/index.php\/wp-json\/wp\/v2\/media?parent=169"}],"curies":[{"name":"wp","href":"https:\/\/api.w.org\/{rel}","templated":true}]}}