{"id":151,"date":"2025-08-28T16:09:52","date_gmt":"2025-08-28T16:09:52","guid":{"rendered":"https:\/\/spzoziwonicz.pl\/?page_id=151"},"modified":"2025-09-04T18:57:54","modified_gmt":"2025-09-04T18:57:54","slug":"poradnia-pediatryczna","status":"publish","type":"page","link":"https:\/\/spzoziwonicz.pl\/index.php\/informacje\/poradnia-pediatryczna\/","title":{"rendered":"Poradnia Pediatryczna"},"content":{"rendered":"\n<p>Zakres obowi\u0105zk\u00f3w naszej <strong>Poradni Pediatrycznej<\/strong> <strong>w Iwoniczu-Zdroju<\/strong> obejmuje profilaktyk\u0119, diagnostyk\u0119 i leczenie chor\u00f3b wieku dzieci\u0119cego od niemowl\u0119ctwa do 18. roku \u017cycia, monitorowanie rozwoju fizycznego i psychosomatycznego, edukacj\u0119 zdrowotn\u0105 rodzic\u00f3w i dzieci, a tak\u017ce prowadzenie bilans\u00f3w zdrowia i kwalifikacj\u0119 do szczepie\u0144 ochronnych.\u00a0<\/p>\n\n\n\n<p><strong>Kluczowe obowi\u0105zki poradni pediatrycznej:<\/strong><\/p>\n\n\n\n<ul class=\"wp-block-list\">\n<li><strong>Profilaktyka zdrowotna:<\/strong><\/li>\n<\/ul>\n\n\n\n<p>Lekarze specjali\u015bci sprawuj\u0105 nadz\u00f3r zdrowotny nad dzie\u0107mi i m\u0142odzie\u017c\u0105 poprzez organizowanie dzia\u0142a\u0144 profilaktycznych i monitorowanie ich rozwoju.&nbsp;<\/p>\n\n\n\n<ul class=\"wp-block-list\">\n<li><strong>Diagnostyka i leczenie:<\/strong><\/li>\n<\/ul>\n\n\n\n<p>Poradnia zajmuje si\u0119 diagnozowaniem i leczeniem chor\u00f3b wieku dzieci\u0119cego, z wy\u0142\u0105czeniem metod chirurgicznych.&nbsp;<\/p>\n\n\n\n<ul class=\"wp-block-list\">\n<li><strong>Monitorowanie rozwoju:<\/strong><\/li>\n<\/ul>\n\n\n\n<p>Pediatrzy monitoruj\u0105 post\u0119p rozwoju fizycznego i emocjonalnego dzieci, dbaj\u0105c o ich rozw\u00f3j psychosomatyczny.&nbsp;<\/p>\n\n\n\n<ul class=\"wp-block-list\">\n<li><strong>Edukacja zdrowotna:<\/strong><\/li>\n<\/ul>\n\n\n\n<p>Specjali\u015bci udzielaj\u0105 porad rodzicom i opiekunom w zakresie zdrowego stylu \u017cycia, \u017cywienia i aktywno\u015bci fizycznej.&nbsp;<\/p>\n\n\n\n<ul class=\"wp-block-list\">\n<li><strong>Bilans zdrowia i szczepienia:<\/strong><\/li>\n<\/ul>\n\n\n\n<p>W ramach dzia\u0142alno\u015bci poradni przeprowadzane s\u0105 bilanse zdrowia dziecka oraz kwalifikacja do szczepie\u0144 ochronnych i ich realizacja.&nbsp;<\/p>\n\n\n\n<ul class=\"wp-block-list\">\n<li><strong>Poradnictwo i konsultacje:<\/strong><\/li>\n<\/ul>\n\n\n\n<p>Konsultacje pediatryczne s\u0142u\u017c\u0105 zar\u00f3wno standardowym kontrolom rozwoju dziecka, jak i diagnostyce dolegliwo\u015bci.&nbsp;<\/p>\n\n\n\n<p>lek. pediatra &#8211; <strong>Renata Kra\u015b &#8211; Koszty\u0142a<\/strong><\/p>\n\n\n<div class=\"wp-block-image\">\n<figure class=\"aligncenter size-full is-resized\"><img loading=\"lazy\" decoding=\"async\" width=\"1024\" height=\"1024\" src=\"https:\/\/spzoziwonicz.pl\/wp-content\/uploads\/2025\/08\/LOGO.png\" alt=\"\" class=\"wp-image-177\" style=\"width:213px;height:auto\" srcset=\"https:\/\/spzoziwonicz.pl\/wp-content\/uploads\/2025\/08\/LOGO.png 1024w, https:\/\/spzoziwonicz.pl\/wp-content\/uploads\/2025\/08\/LOGO-300x300.png 300w, https:\/\/spzoziwonicz.pl\/wp-content\/uploads\/2025\/08\/LOGO-150x150.png 150w, https:\/\/spzoziwonicz.pl\/wp-content\/uploads\/2025\/08\/LOGO-768x768.png 768w, https:\/\/spzoziwonicz.pl\/wp-content\/uploads\/2025\/08\/LOGO-100x100.png 100w\" sizes=\"auto, (max-width: 767px) 89vw, (max-width: 1000px) 54vw, (max-width: 1071px) 543px, 580px\" \/><\/figure><\/div>\n\n\n<p class=\"has-text-align-center\"><em><strong>Samodzielny Publiczny Zak\u0142ad Opieki Zdrowotnej <\/strong><\/em><\/p>\n\n\n\n<p class=\"has-text-align-center\"><em><strong>Gminna Przychodnia Lekarska w Iwoniczu-Zdroju<\/strong><\/em><\/p>\n","protected":false},"excerpt":{"rendered":"<p>Zakres obowi\u0105zk\u00f3w naszej Poradni Pediatrycznej w Iwoniczu-Zdroju obejmuje profilaktyk\u0119, diagnostyk\u0119 i leczenie chor\u00f3b wieku dzieci\u0119cego od niemowl\u0119ctwa do 18. roku \u017cycia, monitorowanie rozwoju fizycznego i psychosomatycznego, edukacj\u0119 zdrowotn\u0105 rodzic\u00f3w i dzieci, a tak\u017ce prowadzenie bilans\u00f3w zdrowia i kwalifikacj\u0119 do szczepie\u0144 ochronnych.\u00a0 Kluczowe obowi\u0105zki poradni pediatrycznej: Lekarze specjali\u015bci sprawuj\u0105 nadz\u00f3r zdrowotny nad dzie\u0107mi i m\u0142odzie\u017c\u0105 poprzez &hellip; <\/p>\n<p class=\"link-more\"><a href=\"https:\/\/spzoziwonicz.pl\/index.php\/informacje\/poradnia-pediatryczna\/\" class=\"more-link\">Czytaj dalej<span class=\"screen-reader-text\"> \u201ePoradnia Pediatryczna\u201d<\/span><\/a><\/p>\n","protected":false},"author":1,"featured_media":154,"parent":10,"menu_order":0,"comment_status":"closed","ping_status":"closed","template":"","meta":{"footnotes":""},"class_list":["post-151","page","type-page","status-publish","has-post-thumbnail","hentry"],"_links":{"self":[{"href":"https:\/\/spzoziwonicz.pl\/index.php\/wp-json\/wp\/v2\/pages\/151","targetHints":{"allow":["GET"]}}],"collection":[{"href":"https:\/\/spzoziwonicz.pl\/index.php\/wp-json\/wp\/v2\/pages"}],"about":[{"href":"https:\/\/spzoziwonicz.pl\/index.php\/wp-json\/wp\/v2\/types\/page"}],"author":[{"embeddable":true,"href":"https:\/\/spzoziwonicz.pl\/index.php\/wp-json\/wp\/v2\/users\/1"}],"replies":[{"embeddable":true,"href":"https:\/\/spzoziwonicz.pl\/index.php\/wp-json\/wp\/v2\/comments?post=151"}],"version-history":[{"count":5,"href":"https:\/\/spzoziwonicz.pl\/index.php\/wp-json\/wp\/v2\/pages\/151\/revisions"}],"predecessor-version":[{"id":262,"href":"https:\/\/spzoziwonicz.pl\/index.php\/wp-json\/wp\/v2\/pages\/151\/revisions\/262"}],"up":[{"embeddable":true,"href":"https:\/\/spzoziwonicz.pl\/index.php\/wp-json\/wp\/v2\/pages\/10"}],"wp:featuredmedia":[{"embeddable":true,"href":"https:\/\/spzoziwonicz.pl\/index.php\/wp-json\/wp\/v2\/media\/154"}],"wp:attachment":[{"href":"https:\/\/spzoziwonicz.pl\/index.php\/wp-json\/wp\/v2\/media?parent=151"}],"curies":[{"name":"wp","href":"https:\/\/api.w.org\/{rel}","templated":true}]}}