{"id":146,"date":"2025-08-28T15:57:28","date_gmt":"2025-08-28T15:57:28","guid":{"rendered":"https:\/\/spzoziwonicz.pl\/?page_id=146"},"modified":"2025-09-04T19:04:37","modified_gmt":"2025-09-04T19:04:37","slug":"poradnia-stomatologiczna","status":"publish","type":"page","link":"https:\/\/spzoziwonicz.pl\/index.php\/informacje\/poradnia-stomatologiczna\/","title":{"rendered":"Poradnia Stomatologiczna"},"content":{"rendered":"\n<p><strong>Poradnia stomatologiczna w Iwoniczu-Zdroju<\/strong> prowadzi kompleksowe leczenie stomatologiczne dzieci, m\u0142odzie\u017cy i doros\u0142ych. W zakres naszych us\u0142ug wchodzi stomatologia zachowawcza i protetyka.<\/p>\n\n\n\n<p>W gabinecie stomatologicznym oddali\u015bmy do dyspozycji pacjent\u00f3w nowoczesny sprz\u0119t, kt\u00f3ry pozwala na stosowanie najnowszych rozwi\u0105za\u0144 w zakresie leczenia. Do leczenia u\u017cywane s\u0105 wysokiej jako\u015bci materia\u0142y.<\/p>\n\n\n\n<p>Poza tym oferujemy fachow\u0105 pomoc okazuj\u0105c przy tym jednocze\u015bnie niespotykan\u0105 wra\u017cliwo\u015b\u0107. Obawy pacjent\u00f3w nasi lekarze traktuj\u0105 ze zrozumieniem. Uzgadniaj\u0105c wsp\u00f3lnie z pacjentem plan leczenia, stomatolodzy w naszej Poradni przedstawiaj\u0105 poszczeg\u00f3lne opcje i doradzaj\u0105 t\u0119 najlepsz\u0105.<\/p>\n\n\n\n<p><strong>W ramach poradni przyjmuj\u0105:<\/strong><\/p>\n\n\n\n<p>lek. stom. <strong>Anna Zdunkiewicz-Pelczar <\/strong>&#8211; poniedzia\u0142ek 12.00-18.00; &#8211; wtorek 12.00-18.00<\/p>\n\n\n\n<p>lek. stom. <strong>Joanna Kota\u0144ska<\/strong> &#8211; \u015broda 12:00-18:00; &#8211; czwartek 12:00-18:00<\/p>\n\n\n\n<p>lek. stom. <strong>Wojciech Zacharjasz<\/strong> &#8211; czwartek 8:00-13:00; &#8211; pi\u0105tek 8:00-13:00<\/p>\n\n\n\n<p><br>Poradnia czynna od poniedzia\u0142ku do pi\u0105tku \u2013 rejestracja na termin.<\/p>\n\n\n\n<p>Miejsca udzielania \u015bwiadcze\u0144:<\/p>\n\n\n\n<ol class=\"wp-block-list\">\n<li>Gabinet Stomatologiczny w Iwoniczu Zdroju &#8211; tel. rejestracji: 13 43 505 24<\/li>\n\n\n\n<li>Gabinet Stomatologiczny w punkcie lekarskim w Iwoniczu &#8211; tel. rejestracji: 665 957 016<\/li>\n\n\n\n<li>Gabinet Stomatologiczny w Szkole Podstawowej w Lubatowej &#8211; tel. rejestracji: 665 957 016 <\/li>\n<\/ol>\n\n\n<div class=\"wp-block-image\">\n<figure class=\"aligncenter size-full is-resized\"><img loading=\"lazy\" decoding=\"async\" width=\"1024\" height=\"1024\" src=\"https:\/\/spzoziwonicz.pl\/wp-content\/uploads\/2025\/08\/LOGO.png\" alt=\"\" class=\"wp-image-177\" style=\"width:188px;height:auto\" srcset=\"https:\/\/spzoziwonicz.pl\/wp-content\/uploads\/2025\/08\/LOGO.png 1024w, https:\/\/spzoziwonicz.pl\/wp-content\/uploads\/2025\/08\/LOGO-300x300.png 300w, https:\/\/spzoziwonicz.pl\/wp-content\/uploads\/2025\/08\/LOGO-150x150.png 150w, https:\/\/spzoziwonicz.pl\/wp-content\/uploads\/2025\/08\/LOGO-768x768.png 768w, https:\/\/spzoziwonicz.pl\/wp-content\/uploads\/2025\/08\/LOGO-100x100.png 100w\" sizes=\"auto, (max-width: 767px) 89vw, (max-width: 1000px) 54vw, (max-width: 1071px) 543px, 580px\" \/><\/figure><\/div>\n\n\n<p class=\"has-text-align-center\"><em><strong>Samodzielny Publiczny Zak\u0142ad Opieki Zdrowotnej<\/strong><\/em><\/p>\n\n\n\n<p class=\"has-text-align-center\"><em><strong>Gminna Przychodnia Lekarska w Iwoniczu-Zdroju<\/strong><\/em><\/p>\n","protected":false},"excerpt":{"rendered":"<p>Poradnia stomatologiczna w Iwoniczu-Zdroju prowadzi kompleksowe leczenie stomatologiczne dzieci, m\u0142odzie\u017cy i doros\u0142ych. W zakres naszych us\u0142ug wchodzi stomatologia zachowawcza i protetyka. W gabinecie stomatologicznym oddali\u015bmy do dyspozycji pacjent\u00f3w nowoczesny sprz\u0119t, kt\u00f3ry pozwala na stosowanie najnowszych rozwi\u0105za\u0144 w zakresie leczenia. Do leczenia u\u017cywane s\u0105 wysokiej jako\u015bci materia\u0142y. Poza tym oferujemy fachow\u0105 pomoc okazuj\u0105c przy tym jednocze\u015bnie &hellip; <\/p>\n<p class=\"link-more\"><a href=\"https:\/\/spzoziwonicz.pl\/index.php\/informacje\/poradnia-stomatologiczna\/\" class=\"more-link\">Czytaj dalej<span class=\"screen-reader-text\"> \u201ePoradnia Stomatologiczna\u201d<\/span><\/a><\/p>\n","protected":false},"author":1,"featured_media":156,"parent":10,"menu_order":0,"comment_status":"closed","ping_status":"closed","template":"","meta":{"footnotes":""},"class_list":["post-146","page","type-page","status-publish","has-post-thumbnail","hentry"],"_links":{"self":[{"href":"https:\/\/spzoziwonicz.pl\/index.php\/wp-json\/wp\/v2\/pages\/146","targetHints":{"allow":["GET"]}}],"collection":[{"href":"https:\/\/spzoziwonicz.pl\/index.php\/wp-json\/wp\/v2\/pages"}],"about":[{"href":"https:\/\/spzoziwonicz.pl\/index.php\/wp-json\/wp\/v2\/types\/page"}],"author":[{"embeddable":true,"href":"https:\/\/spzoziwonicz.pl\/index.php\/wp-json\/wp\/v2\/users\/1"}],"replies":[{"embeddable":true,"href":"https:\/\/spzoziwonicz.pl\/index.php\/wp-json\/wp\/v2\/comments?post=146"}],"version-history":[{"count":7,"href":"https:\/\/spzoziwonicz.pl\/index.php\/wp-json\/wp\/v2\/pages\/146\/revisions"}],"predecessor-version":[{"id":268,"href":"https:\/\/spzoziwonicz.pl\/index.php\/wp-json\/wp\/v2\/pages\/146\/revisions\/268"}],"up":[{"embeddable":true,"href":"https:\/\/spzoziwonicz.pl\/index.php\/wp-json\/wp\/v2\/pages\/10"}],"wp:featuredmedia":[{"embeddable":true,"href":"https:\/\/spzoziwonicz.pl\/index.php\/wp-json\/wp\/v2\/media\/156"}],"wp:attachment":[{"href":"https:\/\/spzoziwonicz.pl\/index.php\/wp-json\/wp\/v2\/media?parent=146"}],"curies":[{"name":"wp","href":"https:\/\/api.w.org\/{rel}","templated":true}]}}