{"id":127,"date":"2025-08-28T14:36:13","date_gmt":"2025-08-28T14:36:13","guid":{"rendered":"https:\/\/spzoziwonicz.pl\/?page_id=127"},"modified":"2025-09-04T19:05:10","modified_gmt":"2025-09-04T19:05:10","slug":"127-2","status":"publish","type":"page","link":"https:\/\/spzoziwonicz.pl\/index.php\/informacje\/127-2\/","title":{"rendered":"POZ"},"content":{"rendered":"\n<p>Zgodnie\u00a0 z umow\u0105 z Narodowym Funduszem Zdrowia \u015bwiadczymy opiek\u0119 medyczn\u0105 w ramach <strong>POZ w Iwoniczu-Zdroju<\/strong> dla naszych pacjent\u00f3w codziennie od poniedzia\u0142ku do pi\u0105tku w godzinach 8.00-18.00. Do \u015bwiadcze\u0144 udzielanych bezp\u0142atnie dla wszystkich ubezpieczonych w ramach kontraktu z NFZ nale\u017c\u0105 m. in.:<\/p>\n\n\n\n<ul class=\"wp-block-list\">\n<li>Badania i porady lekarskie;<\/li>\n<\/ul>\n\n\n\n<ul class=\"wp-block-list\">\n<li>Diagnostyka i leczenie;<\/li>\n<\/ul>\n\n\n\n<ul class=\"wp-block-list\">\n<li>Kierowanie na leczenie specjalistyczne, szpitalne i uzdrowiskowe;<\/li>\n<\/ul>\n\n\n\n<ul class=\"wp-block-list\">\n<li>Szczepienia ochronne;<\/li>\n<\/ul>\n\n\n\n<ul class=\"wp-block-list\">\n<li>Opieka nad niepe\u0142nosprawnymi;<\/li>\n<\/ul>\n\n\n\n<ul class=\"wp-block-list\">\n<li>Promocja zdrowia i profilaktyka chor\u00f3b<\/li>\n<\/ul>\n\n\n\n<p>W trosce o kompleksowo\u015b\u0107 \u015bwiadcze\u0144 Podstawowej Opieki Zdrowotnej nasi Pacjenci mog\u0105 korzysta\u0107 z us\u0142ug lekarzy rodzinnych, pediatr\u00f3w, piel\u0119gniarek \u015brodowiskowo \u2013 rodzinnych i po\u0142o\u017cnych, wype\u0142niaj\u0105c deklaracje. Przypominamy, \u017ce lekarza, piel\u0119gniark\u0119 i po\u0142o\u017cn\u0105 POZ mo\u017cna zmieni\u0107 twa razy w roku bezp\u0142atnie.<\/p>\n\n\n\n<p><strong>Podstawowa opieka zdrowotna poza miejscem zamieszkania<\/strong><\/p>\n\n\n\n<p>Podczas pobytu poza miejscem zamieszkania, np. na wakacjach, w delegacji, u rodziny, pacjent ma prawo do podstawowej opieki zdrowotnej w szczeg\u00f3lno\u015bci w sytuacji nag\u0142ego zachorowania lub nag\u0142ego pogorszenia stanu zdrowia.<\/p>\n\n\n\n<p><strong>Wyb\u00f3r lekarza, piel\u0119gniarki, po\u0142o\u017cnej POZ<\/strong><\/p>\n\n\n\n<p>Aby korzysta\u0107 z podstawowej opieki zdrowotnej, nale\u017cy w wybranej przez siebie przychodni dokona\u0107 wyboru lekarza i piel\u0119gniarki. Osoby p\u0142ci \u017ce\u0144skiej oraz noworodki i niemowl\u0119ta obojga p\u0142ci &#8211; do uko\u0144czenia 2 miesi\u0105ca \u017cycia, obj\u0119ci s\u0105 tak\u017ce opiek\u0105 po\u0142o\u017cnej. <strong><a href=\"https:\/\/spzoziwonicz.pl\/wp-content\/uploads\/2025\/08\/Deklaracja-lekarz.pdf\" data-type=\"attachment\" data-id=\"91\">(deklaracja lekarz)<\/a><\/strong> <strong><a href=\"https:\/\/spzoziwonicz.pl\/wp-content\/uploads\/2025\/08\/Deklaracja-pielegniarka.pdf\" data-type=\"attachment\" data-id=\"96\">(deklaracja piel\u0119gniarka)<\/a><\/strong> <strong><a href=\"https:\/\/spzoziwonicz.pl\/wp-content\/uploads\/2025\/08\/Deklaracja-polozna.pdf\" data-type=\"attachment\" data-id=\"101\">(deklaracja po\u0142o\u017cna)<\/a><\/strong><\/p>\n\n\n\n<p><strong>Op\u0142ata za zmian\u0119 lekarza\/piel\u0119gniarki\/po\u0142o\u017cnej POZ<\/strong><\/p>\n\n\n\n<p>Lekarza\/piel\u0119gniark\u0119\/po\u0142o\u017cn\u0105 POZ mo\u017cna zmieni\u0107 nie cz\u0119\u015bciej ni\u017c dwa razy w roku. Wyboru lub zmiany dokonuje si\u0119 bezpo\u015brednio w przychodni.<\/p>\n\n\n\n<p>W przypadku trzeciej zmiany w danym roku, nale\u017cy wnie\u015b\u0107 op\u0142at\u0119 w wysoko\u015bci 80 z\u0142otych. Op\u0142at\u0119 nale\u017cy ui\u015bci\u0107 na konto Oddzia\u0142u Wojew\u00f3dzkiego NFZ<\/p>\n\n\n\n<p>Nie liczy si\u0119 zmiana lekarza\/piel\u0119gniarki\/po\u0142o\u017cnej POZ, je\u015bli pacjent dokona\u0142 jej z powodu przeprowadzki lub zaprzestania udzielania \u015bwiadcze\u0144 opieki zdrowotnej przez wybranego lekarza\/ piel\u0119gniark\u0119\/ po\u0142o\u017cn\u0105 POZ, a tak\u017ce z powodu innych przyczyn niezale\u017cnych od woli pacjenta.<\/p>\n\n\n\n<p><strong>Deklaracja dla noworodka<\/strong><\/p>\n\n\n\n<p>Noworodki do 6 miesi\u0105ca \u017cycia, je\u015bli nie maj\u0105 nadanego numeru PESEL, mog\u0105 by\u0107 zg\u0142aszane na list\u0119 lekarza\/piel\u0119gniarki\/po\u0142o\u017cnej POZ na podstawie ubezpieczenia rodzica lub opiekuna prawnego.<\/p>\n\n\n\n<p>Po uko\u0144czeniu przez dziecko 6 miesi\u0105ca \u017cycia, system informatyczny NFZ, w wyniku dokonanej weryfikacji, zaznaczy deklaracj\u0119 dziecka jako nieaktywn\u0105. Po uko\u0144czeniu przez dziecko 6 miesi\u0105ca \u017cycia, rodzic\/ opiekun prawny powinien z\u0142o\u017cy\u0107 ponown\u0105 deklaracj\u0119, podaj\u0105c PESEL dziecka.<\/p>\n\n\n\n<p><strong>UWAGA! <\/strong>Warto zapyta\u0107 lekarza rodzinnego, w jaki spos\u00f3b mo\u017cna uzyska\u0107 pomoc w godzinach popo\u0142udniowych, wieczornych i w dni wolne.<\/p>\n\n\n<div class=\"wp-block-image\">\n<figure class=\"aligncenter size-full is-resized\"><img loading=\"lazy\" decoding=\"async\" width=\"1024\" height=\"1024\" src=\"https:\/\/spzoziwonicz.pl\/wp-content\/uploads\/2025\/08\/LOGO.png\" alt=\"\" class=\"wp-image-177\" style=\"width:197px;height:auto\" srcset=\"https:\/\/spzoziwonicz.pl\/wp-content\/uploads\/2025\/08\/LOGO.png 1024w, https:\/\/spzoziwonicz.pl\/wp-content\/uploads\/2025\/08\/LOGO-300x300.png 300w, https:\/\/spzoziwonicz.pl\/wp-content\/uploads\/2025\/08\/LOGO-150x150.png 150w, https:\/\/spzoziwonicz.pl\/wp-content\/uploads\/2025\/08\/LOGO-768x768.png 768w, https:\/\/spzoziwonicz.pl\/wp-content\/uploads\/2025\/08\/LOGO-100x100.png 100w\" sizes=\"auto, (max-width: 767px) 89vw, (max-width: 1000px) 54vw, (max-width: 1071px) 543px, 580px\" \/><\/figure><\/div>\n\n\n<p class=\"has-text-align-center\"><em><strong>Samodzielny Publiczny Zak\u0142ad Opieki Zdrowotnej<\/strong><\/em><\/p>\n\n\n\n<p class=\"has-text-align-center\"><em><strong>Gminna Przychodnia Lekarska w Iwoniczu-Zdroju<\/strong><\/em><\/p>\n","protected":false},"excerpt":{"rendered":"<p>Zgodnie\u00a0 z umow\u0105 z Narodowym Funduszem Zdrowia \u015bwiadczymy opiek\u0119 medyczn\u0105 w ramach POZ w Iwoniczu-Zdroju dla naszych pacjent\u00f3w codziennie od poniedzia\u0142ku do pi\u0105tku w godzinach 8.00-18.00. Do \u015bwiadcze\u0144 udzielanych bezp\u0142atnie dla wszystkich ubezpieczonych w ramach kontraktu z NFZ nale\u017c\u0105 m. in.: W trosce o kompleksowo\u015b\u0107 \u015bwiadcze\u0144 Podstawowej Opieki Zdrowotnej nasi Pacjenci mog\u0105 korzysta\u0107 z us\u0142ug &hellip; <\/p>\n<p class=\"link-more\"><a href=\"https:\/\/spzoziwonicz.pl\/index.php\/informacje\/127-2\/\" class=\"more-link\">Czytaj dalej<span class=\"screen-reader-text\"> \u201ePOZ\u201d<\/span><\/a><\/p>\n","protected":false},"author":1,"featured_media":124,"parent":10,"menu_order":0,"comment_status":"closed","ping_status":"closed","template":"","meta":{"footnotes":""},"class_list":["post-127","page","type-page","status-publish","has-post-thumbnail","hentry"],"_links":{"self":[{"href":"https:\/\/spzoziwonicz.pl\/index.php\/wp-json\/wp\/v2\/pages\/127","targetHints":{"allow":["GET"]}}],"collection":[{"href":"https:\/\/spzoziwonicz.pl\/index.php\/wp-json\/wp\/v2\/pages"}],"about":[{"href":"https:\/\/spzoziwonicz.pl\/index.php\/wp-json\/wp\/v2\/types\/page"}],"author":[{"embeddable":true,"href":"https:\/\/spzoziwonicz.pl\/index.php\/wp-json\/wp\/v2\/users\/1"}],"replies":[{"embeddable":true,"href":"https:\/\/spzoziwonicz.pl\/index.php\/wp-json\/wp\/v2\/comments?post=127"}],"version-history":[{"count":7,"href":"https:\/\/spzoziwonicz.pl\/index.php\/wp-json\/wp\/v2\/pages\/127\/revisions"}],"predecessor-version":[{"id":269,"href":"https:\/\/spzoziwonicz.pl\/index.php\/wp-json\/wp\/v2\/pages\/127\/revisions\/269"}],"up":[{"embeddable":true,"href":"https:\/\/spzoziwonicz.pl\/index.php\/wp-json\/wp\/v2\/pages\/10"}],"wp:featuredmedia":[{"embeddable":true,"href":"https:\/\/spzoziwonicz.pl\/index.php\/wp-json\/wp\/v2\/media\/124"}],"wp:attachment":[{"href":"https:\/\/spzoziwonicz.pl\/index.php\/wp-json\/wp\/v2\/media?parent=127"}],"curies":[{"name":"wp","href":"https:\/\/api.w.org\/{rel}","templated":true}]}}