{"id":11,"date":"2025-08-28T12:30:27","date_gmt":"2025-08-28T12:30:27","guid":{"rendered":"https:\/\/spzoziwonicz.pl\/?page_id=11"},"modified":"2025-09-04T18:55:22","modified_gmt":"2025-09-04T18:55:22","slug":"kontakt","status":"publish","type":"page","link":"https:\/\/spzoziwonicz.pl\/index.php\/kontakt\/","title":{"rendered":"KONTAKT"},"content":{"rendered":"\n<p class=\"has-medium-font-size\"><strong><em>Samodzielny Publiczny Zak\u0142ad Opieki Zdrowotnej Gminna Przychodnia Lekarska w Iwoniczu-Zdroju<\/em><\/strong><\/p>\n\n\n\n<p><em><strong>Od poniedzia\u0142ku do pi\u0105tku od 8:00 do 18:00<\/strong><\/em><\/p>\n\n\n\n<p><em><strong>ul. Ks. Jana R\u0105ba 4<br>38-440 Iwonicz- Zdr\u00f3j<\/strong><\/em><\/p>\n\n\n\n<p>tel.&nbsp; 13 43 505 10,&nbsp;13 43 505 12<br><br>tel. wewn\u0119trzne:<\/p>\n\n\n\n<ul class=\"wp-block-list\">\n<li>23 &#8211; rejestracja POZ dzieci\u0119ca<\/li>\n\n\n\n<li>24 &#8211; rejestracja stomatologia<\/li>\n<\/ul>\n\n\n\n<p><br>REGON : 370449696<br>NIP : 6842147563<br>E-mail : biuro@gpliwonicz.pl<\/p>\n\n\n\n<p class=\"has-medium-font-size\"><strong><em>Punkt Lekarski Iwonicz<\/em><\/strong><\/p>\n\n\n\n<p><em><strong>Zagrodniki 20A<\/strong><\/em><\/p>\n\n\n\n<p>Rejestracja: 605 744 112<\/p>\n\n\n\n<p class=\"has-medium-font-size\"><strong><em>Punkt Lekarski w Lubat\u00f3wce<\/em><\/strong><\/p>\n\n\n\n<p><em><strong>Lubat\u00f3wka 98<\/strong><\/em><\/p>\n\n\n\n<p>Rejestracja: 797 676&nbsp;441<\/p>\n\n\n<div class=\"wp-block-image\">\n<figure class=\"aligncenter size-full is-resized\"><img loading=\"lazy\" decoding=\"async\" width=\"1024\" height=\"1024\" src=\"https:\/\/spzoziwonicz.pl\/wp-content\/uploads\/2025\/08\/LOGO.png\" alt=\"\" class=\"wp-image-177\" style=\"width:201px;height:auto\" srcset=\"https:\/\/spzoziwonicz.pl\/wp-content\/uploads\/2025\/08\/LOGO.png 1024w, https:\/\/spzoziwonicz.pl\/wp-content\/uploads\/2025\/08\/LOGO-300x300.png 300w, https:\/\/spzoziwonicz.pl\/wp-content\/uploads\/2025\/08\/LOGO-150x150.png 150w, https:\/\/spzoziwonicz.pl\/wp-content\/uploads\/2025\/08\/LOGO-768x768.png 768w, https:\/\/spzoziwonicz.pl\/wp-content\/uploads\/2025\/08\/LOGO-100x100.png 100w\" sizes=\"auto, (max-width: 767px) 89vw, (max-width: 1000px) 54vw, (max-width: 1071px) 543px, 580px\" \/><\/figure><\/div>\n\n\n<p class=\"has-text-align-center\"><em><strong>Samodzielny Publiczny Zak\u0142ad Opieki Zdrowotnej <\/strong><\/em><\/p>\n\n\n\n<p class=\"has-text-align-center\"><em><strong>Gminna Przychodnia Lekarska w Iwoniczu-Zdroju<\/strong><\/em><\/p>\n","protected":false},"excerpt":{"rendered":"<p>Samodzielny Publiczny Zak\u0142ad Opieki Zdrowotnej Gminna Przychodnia Lekarska w Iwoniczu-Zdroju Od poniedzia\u0142ku do pi\u0105tku od 8:00 do 18:00 ul. Ks. Jana R\u0105ba 438-440 Iwonicz- Zdr\u00f3j tel.&nbsp; 13 43 505 10,&nbsp;13 43 505 12 tel. wewn\u0119trzne: REGON : 370449696NIP : 6842147563E-mail : biuro@gpliwonicz.pl Punkt Lekarski Iwonicz Zagrodniki 20A Rejestracja: 605 744 112 Punkt Lekarski w Lubat\u00f3wce &hellip; <\/p>\n<p class=\"link-more\"><a href=\"https:\/\/spzoziwonicz.pl\/index.php\/kontakt\/\" class=\"more-link\">Czytaj dalej<span class=\"screen-reader-text\"> \u201eKONTAKT\u201d<\/span><\/a><\/p>\n","protected":false},"author":1,"featured_media":217,"parent":0,"menu_order":0,"comment_status":"closed","ping_status":"closed","template":"","meta":{"footnotes":""},"class_list":["post-11","page","type-page","status-publish","has-post-thumbnail","hentry"],"_links":{"self":[{"href":"https:\/\/spzoziwonicz.pl\/index.php\/wp-json\/wp\/v2\/pages\/11","targetHints":{"allow":["GET"]}}],"collection":[{"href":"https:\/\/spzoziwonicz.pl\/index.php\/wp-json\/wp\/v2\/pages"}],"about":[{"href":"https:\/\/spzoziwonicz.pl\/index.php\/wp-json\/wp\/v2\/types\/page"}],"author":[{"embeddable":true,"href":"https:\/\/spzoziwonicz.pl\/index.php\/wp-json\/wp\/v2\/users\/1"}],"replies":[{"embeddable":true,"href":"https:\/\/spzoziwonicz.pl\/index.php\/wp-json\/wp\/v2\/comments?post=11"}],"version-history":[{"count":10,"href":"https:\/\/spzoziwonicz.pl\/index.php\/wp-json\/wp\/v2\/pages\/11\/revisions"}],"predecessor-version":[{"id":261,"href":"https:\/\/spzoziwonicz.pl\/index.php\/wp-json\/wp\/v2\/pages\/11\/revisions\/261"}],"wp:featuredmedia":[{"embeddable":true,"href":"https:\/\/spzoziwonicz.pl\/index.php\/wp-json\/wp\/v2\/media\/217"}],"wp:attachment":[{"href":"https:\/\/spzoziwonicz.pl\/index.php\/wp-json\/wp\/v2\/media?parent=11"}],"curies":[{"name":"wp","href":"https:\/\/api.w.org\/{rel}","templated":true}]}}