{"id":10,"date":"2025-08-28T12:30:27","date_gmt":"2025-08-28T12:30:27","guid":{"rendered":"https:\/\/spzoziwonicz.pl\/?page_id=10"},"modified":"2025-09-04T19:01:47","modified_gmt":"2025-09-04T19:01:47","slug":"informacje","status":"publish","type":"page","link":"https:\/\/spzoziwonicz.pl\/index.php\/informacje\/","title":{"rendered":"US\u0141UGI MEDYCZNE"},"content":{"rendered":"\n<p class=\"has-medium-font-size\"><strong>POZ<\/strong><\/p>\n\n\n\n<p>Zgodnie\u00a0 z umow\u0105 z Narodowym Funduszem Zdrowia \u015bwiadczymy opiek\u0119 medyczn\u0105 w ramach <strong>POZ w Iwoniczu-Zdroju<\/strong> dla naszych pacjent\u00f3w codziennie od poniedzia\u0142ku do pi\u0105tku w godzinach 8.00-18.00. Do \u015bwiadcze\u0144 udzielanych bezp\u0142atnie dla wszystkich ubezpieczonych w ramach kontraktu z NFZ nale\u017c\u0105 m. in.: <strong><a href=\"https:\/\/spzoziwonicz.pl\/index.php\/127-2\/\" data-type=\"page\" data-id=\"127\"> czytaj wi\u0119cej <\/a><\/strong><\/p>\n\n\n\n<p class=\"has-medium-font-size\"><strong>Poradnia Ginekologiczna<\/strong><\/p>\n\n\n\n<p>W naszej <strong>Poradni Ginekologicznej w Iwoniczu-Zdroj<\/strong>u zajmuje si\u0119\u00a0leczeniem oraz rozpoznawaniem schorze\u0144 w obr\u0119bie \u017ce\u0144skich narz\u0105d\u00f3w rodnych, prowadzeniem ci\u0105\u017cy, diagnozowaniem przyczyn poronie\u0144, profilaktyk\u0105 i leczeniem nowotwor\u00f3w kobiecych, a tak\u017ce leczeniem endometriozy i doborem antykoncepcji. <strong><a href=\"https:\/\/spzoziwonicz.pl\/index.php\/informacje\/poradnia-ginekologiczna\/\" data-type=\"page\" data-id=\"137\">czytaj wi\u0119cej<\/a><\/strong><\/p>\n\n\n\n<p class=\"has-medium-font-size\"><strong>Poradnia Laryngologiczna<\/strong><\/p>\n\n\n\n<p>W naszej <strong>Poradni Laryngologicznej w Iwoniczu-Zdroju<\/strong> zajmujemy si\u0119 g\u0142\u00f3wnie diagnostyk\u0105 i leczeniem chor\u00f3b uszu, nosa, krtani i gard\u0142a. <strong><a href=\"https:\/\/spzoziwonicz.pl\/index.php\/informacje\/poradnia-laryngologiczna\/\" data-type=\"page\" data-id=\"143\">czytaj wi\u0119cej <\/a><\/strong><\/p>\n\n\n\n<p class=\"has-medium-font-size\"><strong>Poradnia Stomatologiczna <\/strong><\/p>\n\n\n\n<p><strong>Poradnia stomatologiczna w Iwoniczu-Zdroju<\/strong> prowadzi kompleksowe leczenie stomatologiczne dzieci, m\u0142odzie\u017cy i doros\u0142ych. W zakres naszych us\u0142ug wchodzi stomatologia zachowawcza i protetyka. <strong><a href=\"https:\/\/spzoziwonicz.pl\/index.php\/informacje\/poradnia-stomatologiczna\/\" data-type=\"page\" data-id=\"146\">czytaj wi\u0119cej <\/a><\/strong><\/p>\n\n\n\n<p class=\"has-medium-font-size\"><strong>Poradnia Pediatryczna<\/strong> <\/p>\n\n\n\n<p>Zakres obowi\u0105zk\u00f3w naszej <strong>Poradni Pediatrycznej w Iwoniczu-Zdroju <\/strong>obejmuje profilaktyk\u0119, diagnostyk\u0119 i leczenie chor\u00f3b wieku dzieci\u0119cego od niemowl\u0119ctwa do 18 roku \u017cycia, monitorowanie rozwoju fizycznego i psychosomatycznego, edukacj\u0119 zdrowotn\u0105 rodzic\u00f3w i dzieci, a tak\u017ce prowadzenie bilans\u00f3w zdrowia i kwalifikacj\u0119 do szczepie\u0144 ochronnych.\u00a0 <strong><a href=\"https:\/\/spzoziwonicz.pl\/index.php\/informacje\/poradnia-pediatryczna\/\" data-type=\"page\" data-id=\"151\">czytaj wi\u0119cej<\/a><\/strong><\/p>\n\n\n\n<p class=\"has-medium-font-size\"><strong>Punkt pobra\u0144 <\/strong><\/p>\n\n\n\n<p>W naszej plac\u00f3wce medycznej znajduje si\u0119 nowoczesny, sta\u0142y punkt pobra\u0144 pr\u00f3bek g\u0142\u00f3wnie krwi \u017cylnej, ale tak\u017ce np. moczu, ka\u0142u czy materia\u0142u do bada\u0144 genetycznych. <a href=\"https:\/\/spzoziwonicz.pl\/index.php\/punkt-poboru-probek\/\" data-type=\"page\" data-id=\"169\"><strong>czytaj wi\u0119cej <\/strong><\/a><\/p>\n\n\n\n<p class=\"has-medium-font-size\"><strong>Odp\u0142atne Poradnie<\/strong><\/p>\n\n\n\n<p class=\"has-medium-font-size\"><strong>Psychiatryczna-Praktyka Lekarska<\/strong><\/p>\n\n\n\n<p>lek. Micha\u0142 Nowak (pacjenci powy\u017cej 16 roku \u017cycia) \u2013 w poniedzia\u0142ki od godz. 16:00 po wcze\u015bniejszej rejestracji telefonicznej (13) 4350510<\/p>\n\n\n\n<p class=\"has-medium-font-size\"><strong>Poradnia Kardiologiczna<\/strong><\/p>\n\n\n\n<p>lek. chor\u00f3b wewn\u0119trznych, kardiolog Witold Kocy\u0142owski \u2013 w wybrane wtorki od godz. 16:00 po wcze\u015bniejszej rejestracji telefonicznej (13) 4350510<\/p>\n\n\n\n<p class=\"has-medium-font-size\"><strong>Poradnia Dietetyczna<\/strong><\/p>\n\n\n\n<p>dr in\u017c. K. Trzeciak po wcze\u015bniejszej rejestracji telefonicznej 698241847<\/p>\n\n\n<div class=\"wp-block-image\">\n<figure class=\"aligncenter size-full is-resized\"><img loading=\"lazy\" decoding=\"async\" width=\"1024\" height=\"1024\" src=\"https:\/\/spzoziwonicz.pl\/wp-content\/uploads\/2025\/08\/LOGO.png\" alt=\"\" class=\"wp-image-177\" style=\"width:203px;height:auto\" srcset=\"https:\/\/spzoziwonicz.pl\/wp-content\/uploads\/2025\/08\/LOGO.png 1024w, https:\/\/spzoziwonicz.pl\/wp-content\/uploads\/2025\/08\/LOGO-300x300.png 300w, https:\/\/spzoziwonicz.pl\/wp-content\/uploads\/2025\/08\/LOGO-150x150.png 150w, https:\/\/spzoziwonicz.pl\/wp-content\/uploads\/2025\/08\/LOGO-768x768.png 768w, https:\/\/spzoziwonicz.pl\/wp-content\/uploads\/2025\/08\/LOGO-100x100.png 100w\" sizes=\"auto, (max-width: 767px) 89vw, (max-width: 1000px) 54vw, (max-width: 1071px) 543px, 580px\" \/><\/figure><\/div>\n\n\n<p class=\"has-text-align-center\"><em><strong>Samodzielny Publiczny Zak\u0142ad Opieki Zdrowotnej <\/strong><\/em><\/p>\n\n\n\n<p class=\"has-text-align-center\"><em><strong>Gminna Przychodnia Lekarska w Iwoniczu-Zdroju<\/strong><\/em><\/p>\n","protected":false},"excerpt":{"rendered":"<p>POZ Zgodnie\u00a0 z umow\u0105 z Narodowym Funduszem Zdrowia \u015bwiadczymy opiek\u0119 medyczn\u0105 w ramach POZ w Iwoniczu-Zdroju dla naszych pacjent\u00f3w codziennie od poniedzia\u0142ku do pi\u0105tku w godzinach 8.00-18.00. Do \u015bwiadcze\u0144 udzielanych bezp\u0142atnie dla wszystkich ubezpieczonych w ramach kontraktu z NFZ nale\u017c\u0105 m. in.: czytaj wi\u0119cej Poradnia Ginekologiczna W naszej Poradni Ginekologicznej w Iwoniczu-Zdroju zajmuje si\u0119\u00a0leczeniem oraz &hellip; <\/p>\n<p class=\"link-more\"><a href=\"https:\/\/spzoziwonicz.pl\/index.php\/informacje\/\" class=\"more-link\">Czytaj dalej<span class=\"screen-reader-text\"> \u201eUS\u0141UGI MEDYCZNE\u201d<\/span><\/a><\/p>\n","protected":false},"author":1,"featured_media":213,"parent":0,"menu_order":0,"comment_status":"closed","ping_status":"closed","template":"","meta":{"footnotes":""},"class_list":["post-10","page","type-page","status-publish","has-post-thumbnail","hentry"],"_links":{"self":[{"href":"https:\/\/spzoziwonicz.pl\/index.php\/wp-json\/wp\/v2\/pages\/10","targetHints":{"allow":["GET"]}}],"collection":[{"href":"https:\/\/spzoziwonicz.pl\/index.php\/wp-json\/wp\/v2\/pages"}],"about":[{"href":"https:\/\/spzoziwonicz.pl\/index.php\/wp-json\/wp\/v2\/types\/page"}],"author":[{"embeddable":true,"href":"https:\/\/spzoziwonicz.pl\/index.php\/wp-json\/wp\/v2\/users\/1"}],"replies":[{"embeddable":true,"href":"https:\/\/spzoziwonicz.pl\/index.php\/wp-json\/wp\/v2\/comments?post=10"}],"version-history":[{"count":18,"href":"https:\/\/spzoziwonicz.pl\/index.php\/wp-json\/wp\/v2\/pages\/10\/revisions"}],"predecessor-version":[{"id":271,"href":"https:\/\/spzoziwonicz.pl\/index.php\/wp-json\/wp\/v2\/pages\/10\/revisions\/271"}],"wp:featuredmedia":[{"embeddable":true,"href":"https:\/\/spzoziwonicz.pl\/index.php\/wp-json\/wp\/v2\/media\/213"}],"wp:attachment":[{"href":"https:\/\/spzoziwonicz.pl\/index.php\/wp-json\/wp\/v2\/media?parent=10"}],"curies":[{"name":"wp","href":"https:\/\/api.w.org\/{rel}","templated":true}]}}